{"id":544,"date":"2015-08-12T12:42:39","date_gmt":"2015-08-12T12:42:39","guid":{"rendered":"http:\/\/savoy.nordicmade.com\/?page_id=370"},"modified":"2022-11-03T04:45:53","modified_gmt":"2022-11-03T04:45:53","slug":"contact","status":"publish","type":"page","link":"https:\/\/zumra.org\/tr\/contact\/","title":{"rendered":"\u0130leti\u015fim"},"content":{"rendered":"<div data-elementor-type=\"wp-page\" data-elementor-id=\"544\" class=\"elementor elementor-544\" data-elementor-settings=\"[]\">\n\t\t\t\t\t\t\t<div class=\"elementor-section-wrap\">\n\t\t\t\t\t\t\t<section class=\"elementor-section elementor-top-section elementor-element elementor-element-83453ac elementor-section-full_width elementor-section-height-default elementor-section-height-default\" data-id=\"83453ac\" data-element_type=\"section\">\n\t\t\t\t\t\t<div class=\"elementor-container elementor-column-gap-default\">\n\t\t\t\t\t<div class=\"elementor-column elementor-col-100 elementor-top-column elementor-element elementor-element-337551c\" data-id=\"337551c\" data-element_type=\"column\">\n\t\t\t<div class=\"elementor-widget-wrap elementor-element-populated\">\n\t\t\t\t\t\t\t\t<div class=\"elementor-element elementor-element-aadd603 contact_map elementor-widget elementor-widget-image\" data-id=\"aadd603\" data-element_type=\"widget\" data-widget_type=\"image.default\">\n\t\t\t\t<div class=\"elementor-widget-container\">\n\t\t\t\t\t<div class=\"elementor-image\">\n\t\t\t\t\t\t\t\t\t\t<img loading=\"lazy\" decoding=\"async\" width=\"2048\" height=\"496\" src=\"https:\/\/zumra.org\/wp-content\/uploads\/2022\/11\/Contact-map.jpg\" class=\"attachment-full size-full\" alt=\"\" srcset=\"https:\/\/zumra.org\/wp-content\/uploads\/2022\/11\/Contact-map.jpg 2048w, https:\/\/zumra.org\/wp-content\/uploads\/2022\/11\/Contact-map-300x73.jpg 300w, https:\/\/zumra.org\/wp-content\/uploads\/2022\/11\/Contact-map-1200x291.jpg 1200w, https:\/\/zumra.org\/wp-content\/uploads\/2022\/11\/Contact-map-768x186.jpg 768w, https:\/\/zumra.org\/wp-content\/uploads\/2022\/11\/Contact-map-1536x372.jpg 1536w\" sizes=\"auto, (max-width: 2048px) 100vw, 2048px\" \/>\t\t\t\t\t\t\t\t\t\t\t<\/div>\n\t\t\t\t<\/div>\n\t\t\t\t<\/div>\n\t\t\t\t\t<\/div>\n\t\t<\/div>\n\t\t\t\t\t\t\t<\/div>\n\t\t<\/section>\n\t\t\t\t<section class=\"elementor-section elementor-top-section elementor-element elementor-element-6dafa56 elementor-section-boxed elementor-section-height-default elementor-section-height-default\" data-id=\"6dafa56\" data-element_type=\"section\">\n\t\t\t\t\t\t<div class=\"elementor-container elementor-column-gap-wide\">\n\t\t\t\t\t<div class=\"elementor-column elementor-col-50 elementor-top-column elementor-element elementor-element-23d3691\" data-id=\"23d3691\" data-element_type=\"column\">\n\t\t\t<div class=\"elementor-widget-wrap elementor-element-populated\">\n\t\t\t\t\t\t\t\t<div class=\"elementor-element elementor-element-27335dc elementor-widget elementor-widget-html\" data-id=\"27335dc\" data-element_type=\"widget\" data-widget_type=\"html.default\">\n\t\t\t\t<div class=\"elementor-widget-container\">\n\t\t\t<div class=\"contact_page\">\n    <h2> \u0130LETI\u015eIM <\/h2>\n    <div class=\"contact_info\">\n        <p><i class=\"fa fa-envelope\"><\/i> E-posta: info@zumra.org<\/p>\n        <p><i class=\"fa fa-phone\"><\/i> +90 (216) 630 60 20<\/p>\n        <p class=\"location\"><i class=\"fa fa-map-marker\"><\/i> Yamanevler Mah. K\u00fc\u00e7\u00fcksu Cad. Aydede Sokak No: 2-4 \/ 3 \u00dcmraniye \/ \u0130stanbul<\/p>\n    <\/div>\n\t<div class=\"socials\">\n\t\t<a href=\"https:\/\/www.facebook.com\/ZumraCharity\" target=\"_blank\"><i class=\"fa fa-facebook circle\"><\/i><\/a>\n\t\t<a href=\"https:\/\/www.instagram.com\/zumracharity\/\" target=\"_blank\"><i class=\"fa fa-instagram\"><\/i><\/a>\n\t    <a href=\"https:\/\/www.linkedin.com\/company\/zumra-charity\/\" target=\"_blank\"><i class=\"fa fa-linkedin\"><\/i><\/a>\n\t\t<a href=\"https:\/\/www.youtube.com\/channel\/UCvGa13yEH8bsA_KWFvmx2Yg\" target=\"_blank\"><i class=\"fa fa-youtube\"><\/i><\/a>\n\t<\/div>\n<\/div>\t\t<\/div>\n\t\t\t\t<\/div>\n\t\t\t\t\t<\/div>\n\t\t<\/div>\n\t\t\t\t<div class=\"elementor-column elementor-col-50 elementor-top-column elementor-element elementor-element-938135b\" data-id=\"938135b\" data-element_type=\"column\">\n\t\t\t<div class=\"elementor-widget-wrap elementor-element-populated\">\n\t\t\t\t\t\t\t\t<div class=\"elementor-element elementor-element-75c8ad0 contact_form elementor-widget elementor-widget-html\" data-id=\"75c8ad0\" data-element_type=\"widget\" data-widget_type=\"html.default\">\n\t\t\t\t<div class=\"elementor-widget-container\">\n\t\t\t<div role=\"form\" class=\"wpcf7\" id=\"wpcf7-f1158-o1\" lang=\"en-US\" dir=\"ltr\">\n<div class=\"screen-reader-response\"><p role=\"status\" aria-live=\"polite\" aria-atomic=\"true\"><\/p> <ul><\/ul><\/div>\n<form action=\"\/tr\/wp-json\/wp\/v2\/pages\/544#wpcf7-f1158-o1\" method=\"post\" class=\"wpcf7-form init\" novalidate=\"novalidate\" data-status=\"init\" data-trp-original-action=\"\/tr\/wp-json\/wp\/v2\/pages\/544#wpcf7-f1158-o1\">\n<div style=\"display: none;\">\n<input type=\"hidden\" name=\"_wpcf7\" value=\"1158\" \/>\n<input type=\"hidden\" name=\"_wpcf7_version\" value=\"5.4.1\" \/>\n<input type=\"hidden\" name=\"_wpcf7_locale\" value=\"en_US\" \/>\n<input type=\"hidden\" name=\"_wpcf7_unit_tag\" value=\"wpcf7-f1158-o1\" \/>\n<input type=\"hidden\" name=\"_wpcf7_container_post\" value=\"0\" \/>\n<input type=\"hidden\" name=\"_wpcf7_posted_data_hash\" value=\"\" \/>\n<input type=\"hidden\" name=\"_wpcf7cf_hidden_group_fields\" value=\"[]\" \/>\n<input type=\"hidden\" name=\"_wpcf7cf_hidden_groups\" value=\"[]\" \/>\n<input type=\"hidden\" name=\"_wpcf7cf_visible_groups\" value=\"[]\" \/>\n<input type=\"hidden\" name=\"_wpcf7cf_repeaters\" value=\"[]\" \/>\n<input type=\"hidden\" name=\"_wpcf7cf_steps\" value=\"{}\" \/>\n<input type=\"hidden\" name=\"_wpcf7cf_options\" value=\"{&quot;form_id&quot;:1158,&quot;conditions&quot;:[{&quot;then_field&quot;:&quot;partner_with_zumra&quot;,&quot;and_rules&quot;:[{&quot;if_field&quot;:&quot;enquiry-about&quot;,&quot;operator&quot;:&quot;equals&quot;,&quot;if_value&quot;:&quot;Partner With Zumra&quot;}]}],&quot;settings&quot;:{&quot;animation&quot;:&quot;yes&quot;,&quot;animation_intime&quot;:200,&quot;animation_outtime&quot;:200,&quot;conditions_ui&quot;:&quot;normal&quot;,&quot;notice_dismissed&quot;:false,&quot;notice_dismissed_update-cf7-5.6.4&quot;:true}}\" \/>\n<\/div>\n<p class=\"full\">Dan\u0131\u015fmak istedi\u011fim konu: <span class=\"wpcf7-form-control-wrap enquiry-about\"><select name=\"enquiry-about\" class=\"wpcf7-form-control wpcf7-select\" aria-invalid=\"false\"><option value=\"General\">Genel<\/option><option value=\"Partner With Zumra\">Z\u00fcmra ile Ortakl\u0131k<\/option><option value=\"Aid Request\">Yard\u0131m Talebi<\/option><\/select><\/span><\/p>\n<p class=\"full\"><span class=\"wpcf7-form-control-wrap first-name\"><input type=\"text\" name=\"first-name\" value=\"\" size=\"40\" class=\"wpcf7-form-control wpcf7-text wpcf7-validates-as-required\" aria-required=\"true\" aria-invalid=\"false\" placeholder=\"Ad *\" \/><\/span><\/p>\n<p class=\"full\"><span class=\"wpcf7-form-control-wrap last-name\"><input type=\"text\" name=\"last-name\" value=\"\" size=\"40\" class=\"wpcf7-form-control wpcf7-text wpcf7-validates-as-required\" aria-required=\"true\" aria-invalid=\"false\" placeholder=\"Soyad *\" \/><\/span><\/p>\n<div data-id=\"partner_with_zumra\" data-orig_data_id=\"partner_with_zumra\" data-clear_on_hide data-class=\"wpcf7cf_group\">\n<p class=\"full\"><span class=\"wpcf7-form-control-wrap charity_name\"><input type=\"text\" name=\"charity_name\" value=\"\" size=\"40\" class=\"wpcf7-form-control wpcf7-text wpcf7-validates-as-required\" aria-required=\"true\" aria-invalid=\"false\" placeholder=\"Kurum Ad\u0131 \/ Dernek Ad\u0131 *\" \/><\/span><\/p>\n<p class=\"full\"><span class=\"wpcf7-form-control-wrap country\"><input type=\"text\" name=\"country\" value=\"\" size=\"40\" class=\"wpcf7-form-control wpcf7-text wpcf7-countrytext wpcf7-validates-as-required\" aria-required=\"true\" aria-invalid=\"false\" placeholder=\"\u00dclke *\" \/><\/span><\/p>\n<p class=\"full\"><span class=\"wpcf7-form-control-wrap mobile\"><input type=\"text\" name=\"mobile\" value=\"\" size=\"40\" class=\"wpcf7-form-control wpcf7-text wpcf7-phonetext wpcf7-validates-as-required\" data-numberonly=\"true\" aria-required=\"true\" aria-invalid=\"false\" placeholder=\"Cep Telefonu *\" \/><input type=\"hidden\" name=\"mobile-country-code\" class=\"wpcf7-phonetext-country-code\" \/><\/span><\/p>\n<\/div>\n<p class=\"full\"><span class=\"wpcf7-form-control-wrap email\"><input type=\"email\" name=\"email\" value=\"\" size=\"40\" class=\"wpcf7-form-control wpcf7-text wpcf7-email wpcf7-validates-as-required wpcf7-validates-as-email\" aria-required=\"true\" aria-invalid=\"false\" placeholder=\"E-posta *\" \/><\/span><\/p>\n<p><span class=\"wpcf7-form-control-wrap message\"><textarea name=\"message\" cols=\"40\" rows=\"10\" class=\"wpcf7-form-control wpcf7-textarea\" aria-invalid=\"false\" placeholder=\"Mesaj\"><\/textarea><\/span><\/p>\n<p class=\"full\">Gizlilik ve veri g\u00fcvenli\u011fi politikam\u0131z\u0131 \u015fu adresten okuyabilirsiniz: <a href=\"https:\/\/zumra.org\/tr\/privacy-policy\/\" style=\"color: #ff1717 !important;\">https:\/\/zumra.org\/privacy-policy<\/a><\/p>\n<p><span class=\"wpcf7-form-control-wrap consent\"><span class=\"wpcf7-form-control wpcf7-checkbox wpcf7-validates-as-required consent\"><span class=\"wpcf7-list-item first last\"><input type=\"checkbox\" name=\"consent[]\" value=\"I consent to the processing of my personal data\" \/><span class=\"wpcf7-list-item-label\">Ki\u015fisel verilerimin i\u015flenmesini kabul ediyorum.<\/span><\/span><\/span><\/span><\/p>\n<p><input type=\"submit\" value=\"Mesaj G\u00f6nder\" class=\"wpcf7-form-control wpcf7-submit\" \/><\/p>\n<div class=\"wpcf7-response-output\" aria-hidden=\"true\"><\/div><input type=\"hidden\" name=\"trp-form-language\" value=\"tr\"\/><\/form><\/div>\t\t<\/div>\n\t\t\t\t<\/div>\n\t\t\t\t\t<\/div>\n\t\t<\/div>\n\t\t\t\t\t\t\t<\/div>\n\t\t<\/section>\n\t\t\t\t\t\t<\/div>\n\t\t\t\t\t<\/div>","protected":false},"excerpt":{"rendered":"<p>CONTACT US info@zumra.org +90 (216) 630 60 20 Yamanevler Mah. K\u00fc\u00e7\u00fcksu Cad. Aydede Sokak No: 2-4 \/ 3 \u00dcmraniye \/ \u0130stanbul<\/p>","protected":false},"author":1,"featured_media":0,"parent":0,"menu_order":0,"comment_status":"closed","ping_status":"closed","template":"","meta":{"footnotes":""},"class_list":["post-544","page","type-page","status-publish","hentry"],"_links":{"self":[{"href":"https:\/\/zumra.org\/tr\/wp-json\/wp\/v2\/pages\/544","targetHints":{"allow":["GET"]}}],"collection":[{"href":"https:\/\/zumra.org\/tr\/wp-json\/wp\/v2\/pages"}],"about":[{"href":"https:\/\/zumra.org\/tr\/wp-json\/wp\/v2\/types\/page"}],"author":[{"embeddable":true,"href":"https:\/\/zumra.org\/tr\/wp-json\/wp\/v2\/users\/1"}],"replies":[{"embeddable":true,"href":"https:\/\/zumra.org\/tr\/wp-json\/wp\/v2\/comments?post=544"}],"version-history":[{"count":39,"href":"https:\/\/zumra.org\/tr\/wp-json\/wp\/v2\/pages\/544\/revisions"}],"predecessor-version":[{"id":4353,"href":"https:\/\/zumra.org\/tr\/wp-json\/wp\/v2\/pages\/544\/revisions\/4353"}],"wp:attachment":[{"href":"https:\/\/zumra.org\/tr\/wp-json\/wp\/v2\/media?parent=544"}],"curies":[{"name":"wp","href":"https:\/\/api.w.org\/{rel}","templated":true}]}}