{"id":4072,"date":"2022-08-30T01:56:18","date_gmt":"2022-08-30T01:56:18","guid":{"rendered":"https:\/\/zumra.org\/?page_id=4072"},"modified":"2022-12-19T23:04:30","modified_gmt":"2022-12-19T23:04:30","slug":"partner-with-us","status":"publish","type":"page","link":"https:\/\/zumra.org\/tr\/partner-with-us\/","title":{"rendered":"Why Partner With Us"},"content":{"rendered":"<div data-elementor-type=\"wp-page\" data-elementor-id=\"4072\" class=\"elementor elementor-4072\" data-elementor-settings=\"[]\">\n\t\t\t\t\t\t\t<div class=\"elementor-section-wrap\">\n\t\t\t\t\t\t\t<section class=\"elementor-section elementor-top-section elementor-element elementor-element-45d3765 elementor-section-boxed elementor-section-height-default elementor-section-height-default\" data-id=\"45d3765\" data-element_type=\"section\">\n\t\t\t\t\t\t<div class=\"elementor-container elementor-column-gap-wide\">\n\t\t\t\t\t<div class=\"elementor-column elementor-col-33 elementor-top-column elementor-element elementor-element-c5543bd\" data-id=\"c5543bd\" data-element_type=\"column\">\n\t\t\t<div class=\"elementor-widget-wrap elementor-element-populated\">\n\t\t\t\t\t\t\t\t<div class=\"elementor-element elementor-element-f365df7 elementor-widget elementor-widget-image\" data-id=\"f365df7\" data-element_type=\"widget\" data-widget_type=\"image.default\">\n\t\t\t\t<div class=\"elementor-widget-container\">\n\t\t\t\t\t<div class=\"elementor-image\">\n\t\t\t\t\t\t\t\t\t\t<img loading=\"lazy\" decoding=\"async\" width=\"450\" height=\"450\" src=\"https:\/\/zumra.org\/wp-content\/uploads\/2022\/08\/IMG_3145-1.png\" class=\"attachment-large size-large\" alt=\"\" srcset=\"https:\/\/zumra.org\/wp-content\/uploads\/2022\/08\/IMG_3145-1.png 450w, https:\/\/zumra.org\/wp-content\/uploads\/2022\/08\/IMG_3145-1-300x300.png 300w, https:\/\/zumra.org\/wp-content\/uploads\/2022\/08\/IMG_3145-1-150x150.png 150w\" sizes=\"auto, (max-width: 450px) 100vw, 450px\" \/>\t\t\t\t\t\t\t\t\t\t\t<\/div>\n\t\t\t\t<\/div>\n\t\t\t\t<\/div>\n\t\t\t\t\t<\/div>\n\t\t<\/div>\n\t\t\t\t<div class=\"elementor-column elementor-col-33 elementor-top-column elementor-element elementor-element-92ff542\" data-id=\"92ff542\" data-element_type=\"column\">\n\t\t\t<div class=\"elementor-widget-wrap elementor-element-populated\">\n\t\t\t\t\t\t\t\t<div class=\"elementor-element elementor-element-fb4141b elementor-widget elementor-widget-image\" data-id=\"fb4141b\" data-element_type=\"widget\" data-widget_type=\"image.default\">\n\t\t\t\t<div class=\"elementor-widget-container\">\n\t\t\t\t\t<div class=\"elementor-image\">\n\t\t\t\t\t\t\t\t\t\t<img loading=\"lazy\" decoding=\"async\" width=\"450\" height=\"450\" src=\"https:\/\/zumra.org\/wp-content\/uploads\/2022\/08\/education-2.png\" class=\"attachment-large size-large\" alt=\"\" srcset=\"https:\/\/zumra.org\/wp-content\/uploads\/2022\/08\/education-2.png 450w, https:\/\/zumra.org\/wp-content\/uploads\/2022\/08\/education-2-300x300.png 300w, https:\/\/zumra.org\/wp-content\/uploads\/2022\/08\/education-2-150x150.png 150w\" sizes=\"auto, (max-width: 450px) 100vw, 450px\" \/>\t\t\t\t\t\t\t\t\t\t\t<\/div>\n\t\t\t\t<\/div>\n\t\t\t\t<\/div>\n\t\t\t\t\t<\/div>\n\t\t<\/div>\n\t\t\t\t<div class=\"elementor-column elementor-col-33 elementor-top-column elementor-element elementor-element-d859231\" data-id=\"d859231\" data-element_type=\"column\">\n\t\t\t<div class=\"elementor-widget-wrap elementor-element-populated\">\n\t\t\t\t\t\t\t\t<div class=\"elementor-element elementor-element-c6fb3a0 elementor-widget elementor-widget-image\" data-id=\"c6fb3a0\" data-element_type=\"widget\" data-widget_type=\"image.default\">\n\t\t\t\t<div class=\"elementor-widget-container\">\n\t\t\t\t\t<div class=\"elementor-image\">\n\t\t\t\t\t\t\t\t\t\t<img loading=\"lazy\" decoding=\"async\" width=\"450\" height=\"450\" src=\"https:\/\/zumra.org\/wp-content\/uploads\/2022\/08\/relief.png\" class=\"attachment-large size-large\" alt=\"\" srcset=\"https:\/\/zumra.org\/wp-content\/uploads\/2022\/08\/relief.png 450w, https:\/\/zumra.org\/wp-content\/uploads\/2022\/08\/relief-300x300.png 300w, https:\/\/zumra.org\/wp-content\/uploads\/2022\/08\/relief-150x150.png 150w\" sizes=\"auto, (max-width: 450px) 100vw, 450px\" \/>\t\t\t\t\t\t\t\t\t\t\t<\/div>\n\t\t\t\t<\/div>\n\t\t\t\t<\/div>\n\t\t\t\t\t<\/div>\n\t\t<\/div>\n\t\t\t\t\t\t\t<\/div>\n\t\t<\/section>\n\t\t\t\t<section class=\"elementor-section elementor-top-section elementor-element elementor-element-603962b elementor-section-boxed elementor-section-height-default elementor-section-height-default\" data-id=\"603962b\" data-element_type=\"section\">\n\t\t\t\t\t\t<div class=\"elementor-container elementor-column-gap-default\">\n\t\t\t\t\t<div class=\"elementor-column elementor-col-100 elementor-top-column elementor-element elementor-element-ae2bf06\" data-id=\"ae2bf06\" data-element_type=\"column\">\n\t\t\t<div class=\"elementor-widget-wrap elementor-element-populated\">\n\t\t\t\t\t\t\t\t<div class=\"elementor-element elementor-element-ef663a4 elementor-widget elementor-widget-heading\" data-id=\"ef663a4\" data-element_type=\"widget\" data-widget_type=\"heading.default\">\n\t\t\t\t<div class=\"elementor-widget-container\">\n\t\t\t<h1 class=\"elementor-heading-title elementor-size-large\">Neden Bizimle \u00c7al\u0131\u015fmal\u0131s\u0131n\u0131z?<\/h1>\t\t<\/div>\n\t\t\t\t<\/div>\n\t\t\t\t\t<\/div>\n\t\t<\/div>\n\t\t\t\t\t\t\t<\/div>\n\t\t<\/section>\n\t\t\t\t<section class=\"elementor-section elementor-top-section elementor-element elementor-element-32fa1b6 partner_with_us_content elementor-section-boxed elementor-section-height-default elementor-section-height-default\" data-id=\"32fa1b6\" data-element_type=\"section\">\n\t\t\t\t\t\t<div class=\"elementor-container elementor-column-gap-default\">\n\t\t\t\t\t<div class=\"elementor-column elementor-col-100 elementor-top-column elementor-element elementor-element-2dfe068\" data-id=\"2dfe068\" data-element_type=\"column\">\n\t\t\t<div class=\"elementor-widget-wrap elementor-element-populated\">\n\t\t\t\t\t\t\t\t<div class=\"elementor-element elementor-element-c1a03bb elementor-widget elementor-widget-text-editor\" data-id=\"c1a03bb\" data-element_type=\"widget\" data-widget_type=\"text-editor.default\">\n\t\t\t\t<div class=\"elementor-widget-container\">\n\t\t\t\t\t<div class=\"elementor-text-editor elementor-clearfix\">Z\u00fcmra ile ortakl\u0131k yapmak, b\u00fct\u00e7e veya proje ne olursa olsun, y\u0131l\u0131n her zaman\u0131nda projelerin verimli bir \u015fekilde teslim edilmesi demektir. Z\u00fcmra, ba\u011f\u0131\u015f\u00e7\u0131lar\u0131m\u0131z\u0131n ve ortaklar\u0131m\u0131z\u0131n program uygulamalar\u0131nda uzmanla\u015fm\u0131\u015ft\u0131r. Z\u00fcmra, genel merkezi T\u00fcrkiye'de bulunan \u00e7ok ofisli bir kurulu\u015ftur ve di\u011fer yard\u0131m ortaklar\u0131 ve kurulu\u015flar\u0131 ad\u0131na fonlar\u0131n da\u011f\u0131t\u0131m\u0131n\u0131 ve projelerin y\u00fcr\u00fct\u00fclmesini kolayla\u015ft\u0131r\u0131r.<\/div>\n\t\t\t\t<\/div>\n\t\t\t\t<\/div>\n\t\t\t\t\t<\/div>\n\t\t<\/div>\n\t\t\t\t\t\t\t<\/div>\n\t\t<\/section>\n\t\t\t\t<section class=\"elementor-section elementor-top-section elementor-element elementor-element-e9077a4 elementor-section-boxed elementor-section-height-default elementor-section-height-default\" data-id=\"e9077a4\" data-element_type=\"section\">\n\t\t\t\t\t\t<div class=\"elementor-container elementor-column-gap-default\">\n\t\t\t\t\t<div class=\"elementor-column elementor-col-50 elementor-top-column elementor-element elementor-element-3ae8bb6\" data-id=\"3ae8bb6\" data-element_type=\"column\">\n\t\t\t<div class=\"elementor-widget-wrap elementor-element-populated\">\n\t\t\t\t\t\t\t\t<div class=\"elementor-element elementor-element-760e3bd partner_with_us_details elementor-widget elementor-widget-text-editor\" data-id=\"760e3bd\" data-element_type=\"widget\" data-widget_type=\"text-editor.default\">\n\t\t\t\t<div class=\"elementor-widget-container\">\n\t\t\t\t\t<div class=\"elementor-text-editor elementor-clearfix\"><h4> Detayl\u0131 Proje Y\u00f6netimi <\/h4>\nZ\u00fcmra'daki deneyimli ekipler, ortaklar\u0131n say\u0131s\u0131z gereksinimini kar\u015f\u0131lamak i\u00e7in ayr\u0131nt\u0131l\u0131 proje kapsamlar\u0131 haz\u0131rlar. Proje y\u00f6neticileri, orta\u011f\u0131n uyumluluk standartlar\u0131n\u0131 kar\u015f\u0131lamak i\u00e7in ba\u015ftan sona kapsaml\u0131 raporlar sunar.<\/div>\n\t\t\t\t<\/div>\n\t\t\t\t<\/div>\n\t\t\t\t\t<\/div>\n\t\t<\/div>\n\t\t\t\t<div class=\"elementor-column elementor-col-50 elementor-top-column elementor-element elementor-element-a1d378e\" data-id=\"a1d378e\" data-element_type=\"column\">\n\t\t\t<div class=\"elementor-widget-wrap elementor-element-populated\">\n\t\t\t\t\t\t\t\t<div class=\"elementor-element elementor-element-42daf92 partner_with_us_details elementor-widget elementor-widget-text-editor\" data-id=\"42daf92\" data-element_type=\"widget\" data-widget_type=\"text-editor.default\">\n\t\t\t\t<div class=\"elementor-widget-container\">\n\t\t\t\t\t<div class=\"elementor-text-editor elementor-clearfix\"><h4> Y\u00fcksek Kaliteli Medya <\/h4>\nProfesyonel medya ekipleri, y\u00fcksek standartlarda medya y\u00f6nergelerine uyarak kaliteli g\u00f6r\u00fcnt\u00fc elde edilmesini sa\u011flar. Projenin t\u00fcm a\u015famalar\u0131 medya ekibi taraf\u0131ndan kay\u0131t alt\u0131na al\u0131n\u0131r ve ortaklara y\u00fcksek kalitede sunulur. <\/div>\n\t\t\t\t<\/div>\n\t\t\t\t<\/div>\n\t\t\t\t\t<\/div>\n\t\t<\/div>\n\t\t\t\t\t\t\t<\/div>\n\t\t<\/section>\n\t\t\t\t<section class=\"elementor-section elementor-top-section elementor-element elementor-element-b7fb810 elementor-section-boxed elementor-section-height-default elementor-section-height-default\" data-id=\"b7fb810\" data-element_type=\"section\">\n\t\t\t\t\t\t<div class=\"elementor-container elementor-column-gap-default\">\n\t\t\t\t\t<div class=\"elementor-column elementor-col-50 elementor-top-column elementor-element elementor-element-bdf19e9\" data-id=\"bdf19e9\" data-element_type=\"column\">\n\t\t\t<div class=\"elementor-widget-wrap elementor-element-populated\">\n\t\t\t\t\t\t\t\t<div class=\"elementor-element elementor-element-a9c683b partner_with_us_details elementor-widget elementor-widget-text-editor\" data-id=\"a9c683b\" data-element_type=\"widget\" data-widget_type=\"text-editor.default\">\n\t\t\t\t<div class=\"elementor-widget-container\">\n\t\t\t\t\t<div class=\"elementor-text-editor elementor-clearfix\"><h4> D\u00fc\u015f\u00fck Maliyetler <\/h4>\nProje maliyetleri ba\u015ftan a\u00e7\u0131k bir \u015fekilde belirlenir ve sunulur, bu sayede beklenmedik giderler veya b\u00fct\u00e7e a\u015f\u0131m\u0131 ya\u015fanmaz. Zumra\u2019n\u0131n stratejik b\u00f6lgelerde bulunan saha ofisleri sayesinde idari giderler makul seviyelerde tutulur. Bu yap\u0131, idari masraflar\u0131n hem partnerlerin beklentileriyle hem de i\u015f y\u00fck\u00fc gereksinimleriyle uyumlu olmas\u0131n\u0131 sa\u011flar.<\/div>\n\t\t\t\t<\/div>\n\t\t\t\t<\/div>\n\t\t\t\t\t<\/div>\n\t\t<\/div>\n\t\t\t\t<div class=\"elementor-column elementor-col-50 elementor-top-column elementor-element elementor-element-ca36838\" data-id=\"ca36838\" data-element_type=\"column\">\n\t\t\t<div class=\"elementor-widget-wrap elementor-element-populated\">\n\t\t\t\t\t\t\t\t<div class=\"elementor-element elementor-element-4dc5665 partner_with_us_details elementor-widget elementor-widget-text-editor\" data-id=\"4dc5665\" data-element_type=\"widget\" data-widget_type=\"text-editor.default\">\n\t\t\t\t<div class=\"elementor-widget-container\">\n\t\t\t\t\t<div class=\"elementor-text-editor elementor-clearfix\"><h4> S\u00fcrd\u00fcr\u00fclebilir Projeler <\/h4>\nProjelerin etkin bir \u015fekilde tamamlanabilmesi i\u00e7in Zumra\u2019n\u0131n saha ekipleri s\u00fcrecin t\u00fcm a\u015famalar\u0131n\u0131 yak\u0131ndan takip eder. Proje tamamland\u0131ktan sonra da Zumra ekipleri s\u00fcrd\u00fcr\u00fclebilirli\u011fi g\u00fcvence alt\u0131na al\u0131r ve projeye y\u00f6nelik gerekli takip ve bak\u0131m s\u00fcre\u00e7lerini y\u00fcr\u00fct\u00fcr.<\/div>\n\t\t\t\t<\/div>\n\t\t\t\t<\/div>\n\t\t\t\t\t<\/div>\n\t\t<\/div>\n\t\t\t\t\t\t\t<\/div>\n\t\t<\/section>\n\t\t\t\t<section class=\"elementor-section elementor-top-section elementor-element elementor-element-90f0697 elementor-section-boxed elementor-section-height-default elementor-section-height-default\" data-id=\"90f0697\" data-element_type=\"section\">\n\t\t\t\t\t\t<div class=\"elementor-container elementor-column-gap-default\">\n\t\t\t\t\t<div class=\"elementor-column elementor-col-100 elementor-top-column elementor-element elementor-element-eecb2bc\" data-id=\"eecb2bc\" data-element_type=\"column\">\n\t\t\t<div class=\"elementor-widget-wrap elementor-element-populated\">\n\t\t\t\t\t\t\t\t<div class=\"elementor-element elementor-element-f907950 elementor-aspect-ratio-169 elementor-widget elementor-widget-video\" data-id=\"f907950\" data-element_type=\"widget\" data-settings=\"{&quot;youtube_url&quot;:&quot;https:\\\/\\\/youtu.be\\\/khkQQFTZzSQ&quot;,&quot;video_type&quot;:&quot;youtube&quot;,&quot;controls&quot;:&quot;yes&quot;,&quot;aspect_ratio&quot;:&quot;169&quot;}\" data-widget_type=\"video.default\">\n\t\t\t\t<div class=\"elementor-widget-container\">\n\t\t\t\t\t<div class=\"elementor-wrapper elementor-fit-aspect-ratio elementor-open-inline\">\n\t\t\t<div class=\"elementor-video\"><\/div>\t\t<\/div>\n\t\t\t\t<\/div>\n\t\t\t\t<\/div>\n\t\t\t\t\t<\/div>\n\t\t<\/div>\n\t\t\t\t\t\t\t<\/div>\n\t\t<\/section>\n\t\t\t\t<section class=\"elementor-section elementor-top-section elementor-element elementor-element-7753216 elementor-section-boxed elementor-section-height-default elementor-section-height-default\" data-id=\"7753216\" data-element_type=\"section\">\n\t\t\t\t\t\t<div class=\"elementor-container elementor-column-gap-default\">\n\t\t\t\t\t<div class=\"elementor-column elementor-col-100 elementor-top-column elementor-element elementor-element-8a9ce41\" data-id=\"8a9ce41\" data-element_type=\"column\">\n\t\t\t<div class=\"elementor-widget-wrap elementor-element-populated\">\n\t\t\t\t\t\t\t\t<div class=\"elementor-element elementor-element-c8dd5a6 elementor-widget elementor-widget-heading\" data-id=\"c8dd5a6\" data-element_type=\"widget\" data-widget_type=\"heading.default\">\n\t\t\t\t<div class=\"elementor-widget-container\">\n\t\t\t<h1 class=\"elementor-heading-title elementor-size-default\">\u0130leti\u015fim Formu<\/h1>\t\t<\/div>\n\t\t\t\t<\/div>\n\t\t\t\t\t<\/div>\n\t\t<\/div>\n\t\t\t\t\t\t\t<\/div>\n\t\t<\/section>\n\t\t\t\t<section class=\"elementor-section elementor-top-section elementor-element elementor-element-1cac0cd elementor-section-boxed elementor-section-height-default elementor-section-height-default\" data-id=\"1cac0cd\" data-element_type=\"section\">\n\t\t\t\t\t\t<div class=\"elementor-container elementor-column-gap-default\">\n\t\t\t\t\t<div class=\"elementor-column elementor-col-100 elementor-top-column elementor-element elementor-element-f057bcd\" data-id=\"f057bcd\" data-element_type=\"column\">\n\t\t\t<div class=\"elementor-widget-wrap elementor-element-populated\">\n\t\t\t\t\t\t\t\t<div class=\"elementor-element elementor-element-864158d elementor-widget elementor-widget-html\" data-id=\"864158d\" data-element_type=\"widget\" data-widget_type=\"html.default\">\n\t\t\t\t<div class=\"elementor-widget-container\">\n\t\t\t<div role=\"form\" class=\"wpcf7\" id=\"wpcf7-f4326-o1\" lang=\"en-US\" dir=\"ltr\">\n<div class=\"screen-reader-response\"><p role=\"status\" aria-live=\"polite\" aria-atomic=\"true\"><\/p> <ul><\/ul><\/div>\n<form action=\"\/tr\/wp-json\/wp\/v2\/pages\/4072#wpcf7-f4326-o1\" method=\"post\" class=\"wpcf7-form init\" novalidate=\"novalidate\" data-status=\"init\" data-trp-original-action=\"\/tr\/wp-json\/wp\/v2\/pages\/4072#wpcf7-f4326-o1\">\n<div style=\"display: none;\">\n<input type=\"hidden\" name=\"_wpcf7\" value=\"4326\" \/>\n<input type=\"hidden\" name=\"_wpcf7_version\" value=\"5.4.1\" \/>\n<input type=\"hidden\" name=\"_wpcf7_locale\" value=\"en_US\" \/>\n<input type=\"hidden\" name=\"_wpcf7_unit_tag\" value=\"wpcf7-f4326-o1\" \/>\n<input type=\"hidden\" name=\"_wpcf7_container_post\" value=\"0\" \/>\n<input type=\"hidden\" name=\"_wpcf7_posted_data_hash\" value=\"\" \/>\n<input type=\"hidden\" name=\"_wpcf7cf_hidden_group_fields\" value=\"[]\" \/>\n<input type=\"hidden\" name=\"_wpcf7cf_hidden_groups\" value=\"[]\" \/>\n<input type=\"hidden\" name=\"_wpcf7cf_visible_groups\" value=\"[]\" \/>\n<input type=\"hidden\" name=\"_wpcf7cf_repeaters\" value=\"[]\" \/>\n<input type=\"hidden\" name=\"_wpcf7cf_steps\" value=\"{}\" \/>\n<input type=\"hidden\" name=\"_wpcf7cf_options\" value=\"{&quot;form_id&quot;:4326,&quot;conditions&quot;:[],&quot;settings&quot;:{&quot;animation&quot;:&quot;yes&quot;,&quot;animation_intime&quot;:200,&quot;animation_outtime&quot;:200,&quot;conditions_ui&quot;:&quot;normal&quot;,&quot;notice_dismissed&quot;:false,&quot;notice_dismissed_update-cf7-5.6.4&quot;:true}}\" \/>\n<\/div>\n<p class=\"half\"><span class=\"wpcf7-form-control-wrap first-name\"><input type=\"text\" name=\"first-name\" value=\"\" size=\"40\" class=\"wpcf7-form-control wpcf7-text wpcf7-validates-as-required\" aria-required=\"true\" aria-invalid=\"false\" placeholder=\"Ad *\" \/><\/span><\/p>\n<p class=\"half\"><span class=\"wpcf7-form-control-wrap last-name\"><input type=\"text\" name=\"last-name\" value=\"\" size=\"40\" class=\"wpcf7-form-control wpcf7-text wpcf7-validates-as-required\" aria-required=\"true\" aria-invalid=\"false\" placeholder=\"Soyad *\" \/><\/span><\/p>\n<p class=\"half\"><span class=\"wpcf7-form-control-wrap charity_name\"><input type=\"text\" name=\"charity_name\" value=\"\" size=\"40\" class=\"wpcf7-form-control wpcf7-text wpcf7-validates-as-required\" aria-required=\"true\" aria-invalid=\"false\" placeholder=\"Kurum Ad\u0131 \/ Dernek Ad\u0131 *\" \/><\/span><\/p>\n<p class=\"half\"><span class=\"wpcf7-form-control-wrap country\"><input type=\"text\" name=\"country\" value=\"\" size=\"40\" class=\"wpcf7-form-control wpcf7-text wpcf7-countrytext wpcf7-validates-as-required\" aria-required=\"true\" aria-invalid=\"false\" placeholder=\"\u00dclke *\" \/><\/span><\/p>\n<p class=\"half\"><span class=\"wpcf7-form-control-wrap mobile\"><input type=\"text\" name=\"mobile\" value=\"\" size=\"40\" class=\"wpcf7-form-control wpcf7-text wpcf7-phonetext wpcf7-validates-as-required\" data-numberonly=\"true\" aria-required=\"true\" aria-invalid=\"false\" placeholder=\"Cep Telefonu *\" \/><input type=\"hidden\" name=\"mobile-country-code\" class=\"wpcf7-phonetext-country-code\" \/><\/span><\/p>\n<p class=\"half\"><span class=\"wpcf7-form-control-wrap email\"><input type=\"email\" name=\"email\" value=\"\" size=\"40\" class=\"wpcf7-form-control wpcf7-text wpcf7-email wpcf7-validates-as-required wpcf7-validates-as-email\" aria-required=\"true\" aria-invalid=\"false\" placeholder=\"E-posta *\" \/><\/span><\/p>\n<p><span class=\"wpcf7-form-control-wrap message\"><textarea name=\"message\" cols=\"40\" rows=\"10\" class=\"wpcf7-form-control wpcf7-textarea\" aria-invalid=\"false\" placeholder=\"Mesaj\"><\/textarea><\/span><\/p>\n<p><input type=\"submit\" value=\"Mesaj G\u00f6nder\" class=\"wpcf7-form-control wpcf7-submit\" \/><\/p>\n<div class=\"wpcf7-response-output\" aria-hidden=\"true\"><\/div><input type=\"hidden\" name=\"trp-form-language\" value=\"tr\"\/><\/form><\/div>\t\t<\/div>\n\t\t\t\t<\/div>\n\t\t\t\t\t<\/div>\n\t\t<\/div>\n\t\t\t\t\t\t\t<\/div>\n\t\t<\/section>\n\t\t\t\t\t\t<\/div>\n\t\t\t\t\t<\/div>","protected":false},"excerpt":{"rendered":"<p>Why Partner With Us? Partnering with Zumra means the efficient delivery of projects anytime of the year, whatever the budget or project may be, Zumra specializes in program implementation of our donors and partners.Zumra is a multi-office organization with its head office in T\u00fcrkiye. Facilitating the distribution of funds and execution of projects on behalf &hellip;<\/p>","protected":false},"author":1,"featured_media":0,"parent":0,"menu_order":0,"comment_status":"closed","ping_status":"closed","template":"","meta":{"footnotes":""},"class_list":["post-4072","page","type-page","status-publish","hentry"],"_links":{"self":[{"href":"https:\/\/zumra.org\/tr\/wp-json\/wp\/v2\/pages\/4072","targetHints":{"allow":["GET"]}}],"collection":[{"href":"https:\/\/zumra.org\/tr\/wp-json\/wp\/v2\/pages"}],"about":[{"href":"https:\/\/zumra.org\/tr\/wp-json\/wp\/v2\/types\/page"}],"author":[{"embeddable":true,"href":"https:\/\/zumra.org\/tr\/wp-json\/wp\/v2\/users\/1"}],"replies":[{"embeddable":true,"href":"https:\/\/zumra.org\/tr\/wp-json\/wp\/v2\/comments?post=4072"}],"version-history":[{"count":59,"href":"https:\/\/zumra.org\/tr\/wp-json\/wp\/v2\/pages\/4072\/revisions"}],"predecessor-version":[{"id":4852,"href":"https:\/\/zumra.org\/tr\/wp-json\/wp\/v2\/pages\/4072\/revisions\/4852"}],"wp:attachment":[{"href":"https:\/\/zumra.org\/tr\/wp-json\/wp\/v2\/media?parent=4072"}],"curies":[{"name":"wp","href":"https:\/\/api.w.org\/{rel}","templated":true}]}}