{"id":3997,"date":"2022-08-24T23:30:00","date_gmt":"2022-08-24T23:30:00","guid":{"rendered":"https:\/\/zumra.org\/?page_id=3997"},"modified":"2022-12-15T00:42:47","modified_gmt":"2022-12-15T00:42:47","slug":"projects","status":"publish","type":"page","link":"https:\/\/zumra.org\/tr\/projects\/","title":{"rendered":"Projeler"},"content":{"rendered":"<div data-elementor-type=\"wp-page\" data-elementor-id=\"3997\" class=\"elementor elementor-3997\" data-elementor-settings=\"[]\">\n\t\t\t\t\t\t\t<div class=\"elementor-section-wrap\">\n\t\t\t\t\t\t\t<section class=\"elementor-section elementor-top-section elementor-element elementor-element-cfa9df9 elementor-section-full_width single_project_banner elementor-section-height-default elementor-section-height-default\" data-id=\"cfa9df9\" data-element_type=\"section\">\n\t\t\t\t\t\t<div class=\"elementor-container elementor-column-gap-default\">\n\t\t\t\t\t<div class=\"elementor-column elementor-col-100 elementor-top-column elementor-element elementor-element-bb27353\" data-id=\"bb27353\" data-element_type=\"column\">\n\t\t\t<div class=\"elementor-widget-wrap elementor-element-populated\">\n\t\t\t\t\t\t\t\t<div class=\"elementor-element elementor-element-e25fc52 elementor-widget elementor-widget-image\" data-id=\"e25fc52\" data-element_type=\"widget\" data-widget_type=\"image.default\">\n\t\t\t\t<div class=\"elementor-widget-container\">\n\t\t\t\t\t<div class=\"elementor-image\">\n\t\t\t\t\t\t\t\t\t\t<img loading=\"lazy\" decoding=\"async\" width=\"1921\" height=\"419\" src=\"https:\/\/zumra.org\/wp-content\/uploads\/2022\/08\/Mask_Group_8.png\" class=\"attachment-full size-full\" alt=\"Projects\" srcset=\"https:\/\/zumra.org\/wp-content\/uploads\/2022\/08\/Mask_Group_8.png 1921w, https:\/\/zumra.org\/wp-content\/uploads\/2022\/08\/Mask_Group_8-300x65.png 300w, https:\/\/zumra.org\/wp-content\/uploads\/2022\/08\/Mask_Group_8-1200x262.png 1200w, https:\/\/zumra.org\/wp-content\/uploads\/2022\/08\/Mask_Group_8-768x168.png 768w, https:\/\/zumra.org\/wp-content\/uploads\/2022\/08\/Mask_Group_8-1536x335.png 1536w\" sizes=\"auto, (max-width: 1921px) 100vw, 1921px\" \/>\t\t\t\t\t\t\t\t\t\t\t<\/div>\n\t\t\t\t<\/div>\n\t\t\t\t<\/div>\n\t\t\t\t\t<\/div>\n\t\t<\/div>\n\t\t\t\t\t\t\t<\/div>\n\t\t<\/section>\n\t\t\t\t<section class=\"elementor-section elementor-top-section elementor-element elementor-element-f76fa6d elementor-section-boxed elementor-section-height-default elementor-section-height-default\" data-id=\"f76fa6d\" data-element_type=\"section\">\n\t\t\t\t\t\t<div class=\"elementor-container elementor-column-gap-default\">\n\t\t\t\t\t<div class=\"elementor-column elementor-col-100 elementor-top-column elementor-element elementor-element-401c906\" data-id=\"401c906\" data-element_type=\"column\">\n\t\t\t<div class=\"elementor-widget-wrap elementor-element-populated\">\n\t\t\t\t\t\t\t\t<div class=\"elementor-element elementor-element-d89864d elementor-widget elementor-widget-heading\" data-id=\"d89864d\" data-element_type=\"widget\" data-widget_type=\"heading.default\">\n\t\t\t\t<div class=\"elementor-widget-container\">\n\t\t\t<h1 class=\"elementor-heading-title elementor-size-xl\">Projeler<\/h1>\t\t<\/div>\n\t\t\t\t<\/div>\n\t\t\t\t\t<\/div>\n\t\t<\/div>\n\t\t\t\t\t\t\t<\/div>\n\t\t<\/section>\n\t\t\t\t<section class=\"elementor-section elementor-top-section elementor-element elementor-element-27dd04f elementor-section-boxed elementor-section-height-default elementor-section-height-default\" data-id=\"27dd04f\" data-element_type=\"section\">\n\t\t\t\t\t\t<div class=\"elementor-container elementor-column-gap-default\">\n\t\t\t\t\t<div class=\"elementor-column elementor-col-100 elementor-top-column elementor-element elementor-element-f396bd7\" data-id=\"f396bd7\" data-element_type=\"column\">\n\t\t\t<div class=\"elementor-widget-wrap elementor-element-populated\">\n\t\t\t\t\t\t\t\t<div class=\"elementor-element elementor-element-3f2bb3d elementor-widget elementor-widget-text-editor\" data-id=\"3f2bb3d\" data-element_type=\"widget\" data-widget_type=\"text-editor.default\">\n\t\t\t\t<div class=\"elementor-widget-container\">\n\t\t\t\t\t<div class=\"elementor-text-editor elementor-clearfix\"><p style=\"text-align: center; font-size: 16px;\">Zumra, on be\u015ften fazla \u00fclkede yard\u0131m projeleri <br>\nger\u00e7ekle\u015ftirerek acil yard\u0131m, g\u0131da, su, t\u0131bbi destek, kalk\u0131nma projeleri ve daha bir\u00e7ok alanda ihtiya\u00e7 sahiplerine destek olmaktad\u0131r.<\/p><\/div>\n\t\t\t\t<\/div>\n\t\t\t\t<\/div>\n\t\t\t\t\t<\/div>\n\t\t<\/div>\n\t\t\t\t\t\t\t<\/div>\n\t\t<\/section>\n\t\t\t\t<section class=\"elementor-section elementor-top-section elementor-element elementor-element-1b8279c projects elementor-section-boxed elementor-section-height-default elementor-section-height-default\" data-id=\"1b8279c\" data-element_type=\"section\">\n\t\t\t\t\t\t<div class=\"elementor-container elementor-column-gap-extended\">\n\t\t\t\t\t<div class=\"elementor-column elementor-col-25 elementor-top-column elementor-element elementor-element-5763d9c\" data-id=\"5763d9c\" data-element_type=\"column\">\n\t\t\t<div class=\"elementor-widget-wrap elementor-element-populated\">\n\t\t\t\t\t\t\t\t<div class=\"elementor-element elementor-element-06b1a5b zumra_disaster elementor-widget elementor-widget-image\" data-id=\"06b1a5b\" data-element_type=\"widget\" data-widget_type=\"image.default\">\n\t\t\t\t<div class=\"elementor-widget-container\">\n\t\t\t\t\t<div class=\"elementor-image\">\n\t\t\t\t\t\t\t\t\t\t\t<a href=\"\/tr\/projects\/disaster\/\">\n\t\t\t\t\t\t\t<img loading=\"lazy\" decoding=\"async\" width=\"340\" height=\"394\" src=\"https:\/\/zumra.org\/wp-content\/uploads\/2022\/11\/emergency.jpg\" class=\"attachment-large size-large\" alt=\"\" srcset=\"https:\/\/zumra.org\/wp-content\/uploads\/2022\/11\/emergency.jpg 340w, https:\/\/zumra.org\/wp-content\/uploads\/2022\/11\/emergency-259x300.jpg 259w\" sizes=\"auto, (max-width: 340px) 100vw, 340px\" \/>\t\t\t\t\t\t\t\t<\/a>\n\t\t\t\t\t\t\t\t\t\t\t<\/div>\n\t\t\t\t<\/div>\n\t\t\t\t<\/div>\n\t\t\t\t\t<\/div>\n\t\t<\/div>\n\t\t\t\t<div class=\"elementor-column elementor-col-25 elementor-top-column elementor-element elementor-element-6ce8924\" data-id=\"6ce8924\" data-element_type=\"column\">\n\t\t\t<div class=\"elementor-widget-wrap elementor-element-populated\">\n\t\t\t\t\t\t\t\t<div class=\"elementor-element elementor-element-65146ff zumra_food elementor-widget elementor-widget-image\" data-id=\"65146ff\" data-element_type=\"widget\" data-widget_type=\"image.default\">\n\t\t\t\t<div class=\"elementor-widget-container\">\n\t\t\t\t\t<div class=\"elementor-image\">\n\t\t\t\t\t\t\t\t\t\t\t<a href=\"\/tr\/projects\/food\/\">\n\t\t\t\t\t\t\t<img loading=\"lazy\" decoding=\"async\" width=\"340\" height=\"394\" src=\"https:\/\/zumra.org\/wp-content\/uploads\/2022\/11\/food.jpg\" class=\"attachment-large size-large\" alt=\"\" srcset=\"https:\/\/zumra.org\/wp-content\/uploads\/2022\/11\/food.jpg 340w, https:\/\/zumra.org\/wp-content\/uploads\/2022\/11\/food-259x300.jpg 259w\" sizes=\"auto, (max-width: 340px) 100vw, 340px\" \/>\t\t\t\t\t\t\t\t<\/a>\n\t\t\t\t\t\t\t\t\t\t\t<\/div>\n\t\t\t\t<\/div>\n\t\t\t\t<\/div>\n\t\t\t\t\t<\/div>\n\t\t<\/div>\n\t\t\t\t<div class=\"elementor-column elementor-col-25 elementor-top-column elementor-element elementor-element-2b49a24\" data-id=\"2b49a24\" data-element_type=\"column\">\n\t\t\t<div class=\"elementor-widget-wrap elementor-element-populated\">\n\t\t\t\t\t\t\t\t<div class=\"elementor-element elementor-element-4997b6c zumra_wash elementor-widget elementor-widget-image\" data-id=\"4997b6c\" data-element_type=\"widget\" data-widget_type=\"image.default\">\n\t\t\t\t<div class=\"elementor-widget-container\">\n\t\t\t\t\t<div class=\"elementor-image\">\n\t\t\t\t\t\t\t\t\t\t\t<a href=\"\/tr\/projects\/wash\/\">\n\t\t\t\t\t\t\t<img loading=\"lazy\" decoding=\"async\" width=\"340\" height=\"394\" src=\"https:\/\/zumra.org\/wp-content\/uploads\/2022\/08\/Sky-Replacement.png\" class=\"attachment-large size-large\" alt=\"\" srcset=\"https:\/\/zumra.org\/wp-content\/uploads\/2022\/08\/Sky-Replacement.png 340w, https:\/\/zumra.org\/wp-content\/uploads\/2022\/08\/Sky-Replacement-259x300.png 259w\" sizes=\"auto, (max-width: 340px) 100vw, 340px\" \/>\t\t\t\t\t\t\t\t<\/a>\n\t\t\t\t\t\t\t\t\t\t\t<\/div>\n\t\t\t\t<\/div>\n\t\t\t\t<\/div>\n\t\t\t\t\t<\/div>\n\t\t<\/div>\n\t\t\t\t<div class=\"elementor-column elementor-col-25 elementor-top-column elementor-element elementor-element-641682b\" data-id=\"641682b\" data-element_type=\"column\">\n\t\t\t<div class=\"elementor-widget-wrap elementor-element-populated\">\n\t\t\t\t\t\t\t\t<div class=\"elementor-element elementor-element-559a3a4 zumra_health elementor-widget elementor-widget-image\" data-id=\"559a3a4\" data-element_type=\"widget\" data-widget_type=\"image.default\">\n\t\t\t\t<div class=\"elementor-widget-container\">\n\t\t\t\t\t<div class=\"elementor-image\">\n\t\t\t\t\t\t\t\t\t\t\t<a href=\"\/tr\/projects\/health\/\">\n\t\t\t\t\t\t\t<img loading=\"lazy\" decoding=\"async\" width=\"340\" height=\"394\" src=\"https:\/\/zumra.org\/wp-content\/uploads\/2022\/08\/IMG_9770.png\" class=\"attachment-large size-large\" alt=\"\" srcset=\"https:\/\/zumra.org\/wp-content\/uploads\/2022\/08\/IMG_9770.png 340w, https:\/\/zumra.org\/wp-content\/uploads\/2022\/08\/IMG_9770-259x300.png 259w\" sizes=\"auto, (max-width: 340px) 100vw, 340px\" \/>\t\t\t\t\t\t\t\t<\/a>\n\t\t\t\t\t\t\t\t\t\t\t<\/div>\n\t\t\t\t<\/div>\n\t\t\t\t<\/div>\n\t\t\t\t\t<\/div>\n\t\t<\/div>\n\t\t\t\t\t\t\t<\/div>\n\t\t<\/section>\n\t\t\t\t<section class=\"elementor-section elementor-top-section elementor-element elementor-element-57c3991 projects elementor-section-boxed elementor-section-height-default elementor-section-height-default\" data-id=\"57c3991\" data-element_type=\"section\">\n\t\t\t\t\t\t<div class=\"elementor-container elementor-column-gap-extended\">\n\t\t\t\t\t<div class=\"elementor-column elementor-col-25 elementor-top-column elementor-element elementor-element-0cd76f0\" data-id=\"0cd76f0\" data-element_type=\"column\">\n\t\t\t<div class=\"elementor-widget-wrap elementor-element-populated\">\n\t\t\t\t\t\t\t\t<div class=\"elementor-element elementor-element-4f1efc2 zumra_shelter elementor-widget elementor-widget-image\" data-id=\"4f1efc2\" data-element_type=\"widget\" data-widget_type=\"image.default\">\n\t\t\t\t<div class=\"elementor-widget-container\">\n\t\t\t\t\t<div class=\"elementor-image\">\n\t\t\t\t\t\t\t\t\t\t\t<a href=\"\/tr\/projects\/shelter\/\">\n\t\t\t\t\t\t\t<img loading=\"lazy\" decoding=\"async\" width=\"340\" height=\"394\" src=\"https:\/\/zumra.org\/wp-content\/uploads\/2022\/10\/01-Shelter-340x394px.jpg\" class=\"attachment-large size-large\" alt=\"\" srcset=\"https:\/\/zumra.org\/wp-content\/uploads\/2022\/10\/01-Shelter-340x394px.jpg 340w, https:\/\/zumra.org\/wp-content\/uploads\/2022\/10\/01-Shelter-340x394px-259x300.jpg 259w\" sizes=\"auto, (max-width: 340px) 100vw, 340px\" \/>\t\t\t\t\t\t\t\t<\/a>\n\t\t\t\t\t\t\t\t\t\t\t<\/div>\n\t\t\t\t<\/div>\n\t\t\t\t<\/div>\n\t\t\t\t\t<\/div>\n\t\t<\/div>\n\t\t\t\t<div class=\"elementor-column elementor-col-25 elementor-top-column elementor-element elementor-element-284fdad\" data-id=\"284fdad\" data-element_type=\"column\">\n\t\t\t<div class=\"elementor-widget-wrap elementor-element-populated\">\n\t\t\t\t\t\t\t\t<div class=\"elementor-element elementor-element-0f36f6d zumra_empowerment elementor-widget elementor-widget-image\" data-id=\"0f36f6d\" data-element_type=\"widget\" data-widget_type=\"image.default\">\n\t\t\t\t<div class=\"elementor-widget-container\">\n\t\t\t\t\t<div class=\"elementor-image\">\n\t\t\t\t\t\t\t\t\t\t\t<a href=\"\/tr\/projects\/empowerment\/\">\n\t\t\t\t\t\t\t<img loading=\"lazy\" decoding=\"async\" width=\"340\" height=\"394\" src=\"https:\/\/zumra.org\/wp-content\/uploads\/2022\/08\/IMG_8871.png\" class=\"attachment-large size-large\" alt=\"\" srcset=\"https:\/\/zumra.org\/wp-content\/uploads\/2022\/08\/IMG_8871.png 340w, https:\/\/zumra.org\/wp-content\/uploads\/2022\/08\/IMG_8871-259x300.png 259w\" sizes=\"auto, (max-width: 340px) 100vw, 340px\" \/>\t\t\t\t\t\t\t\t<\/a>\n\t\t\t\t\t\t\t\t\t\t\t<\/div>\n\t\t\t\t<\/div>\n\t\t\t\t<\/div>\n\t\t\t\t\t<\/div>\n\t\t<\/div>\n\t\t\t\t<div class=\"elementor-column elementor-col-25 elementor-top-column elementor-element elementor-element-46d444c\" data-id=\"46d444c\" data-element_type=\"column\">\n\t\t\t<div class=\"elementor-widget-wrap elementor-element-populated\">\n\t\t\t\t\t\t\t\t<div class=\"elementor-element elementor-element-83a60df zumra_livelihoods elementor-widget elementor-widget-image\" data-id=\"83a60df\" data-element_type=\"widget\" data-widget_type=\"image.default\">\n\t\t\t\t<div class=\"elementor-widget-container\">\n\t\t\t\t\t<div class=\"elementor-image\">\n\t\t\t\t\t\t\t\t\t\t\t<a href=\"\/tr\/projects\/livelihoods\/\">\n\t\t\t\t\t\t\t<img loading=\"lazy\" decoding=\"async\" width=\"340\" height=\"394\" src=\"https:\/\/zumra.org\/wp-content\/uploads\/2022\/08\/empowerment.png\" class=\"attachment-large size-large\" alt=\"\" srcset=\"https:\/\/zumra.org\/wp-content\/uploads\/2022\/08\/empowerment.png 340w, https:\/\/zumra.org\/wp-content\/uploads\/2022\/08\/empowerment-259x300.png 259w\" sizes=\"auto, (max-width: 340px) 100vw, 340px\" \/>\t\t\t\t\t\t\t\t<\/a>\n\t\t\t\t\t\t\t\t\t\t\t<\/div>\n\t\t\t\t<\/div>\n\t\t\t\t<\/div>\n\t\t\t\t\t<\/div>\n\t\t<\/div>\n\t\t\t\t<div class=\"elementor-column elementor-col-25 elementor-top-column elementor-element elementor-element-2663780\" data-id=\"2663780\" data-element_type=\"column\">\n\t\t\t<div class=\"elementor-widget-wrap elementor-element-populated\">\n\t\t\t\t\t\t\t\t<div class=\"elementor-element elementor-element-2788cf0 zumra_education elementor-widget elementor-widget-image\" data-id=\"2788cf0\" data-element_type=\"widget\" data-widget_type=\"image.default\">\n\t\t\t\t<div class=\"elementor-widget-container\">\n\t\t\t\t\t<div class=\"elementor-image\">\n\t\t\t\t\t\t\t\t\t\t\t<a href=\"\/tr\/projects\/education\/\">\n\t\t\t\t\t\t\t<img loading=\"lazy\" decoding=\"async\" width=\"340\" height=\"394\" src=\"https:\/\/zumra.org\/wp-content\/uploads\/2022\/08\/CZ3A9480.png\" class=\"attachment-large size-large\" alt=\"\" srcset=\"https:\/\/zumra.org\/wp-content\/uploads\/2022\/08\/CZ3A9480.png 340w, https:\/\/zumra.org\/wp-content\/uploads\/2022\/08\/CZ3A9480-259x300.png 259w\" sizes=\"auto, (max-width: 340px) 100vw, 340px\" \/>\t\t\t\t\t\t\t\t<\/a>\n\t\t\t\t\t\t\t\t\t\t\t<\/div>\n\t\t\t\t<\/div>\n\t\t\t\t<\/div>\n\t\t\t\t\t<\/div>\n\t\t<\/div>\n\t\t\t\t\t\t\t<\/div>\n\t\t<\/section>\n\t\t\t\t<section class=\"elementor-section elementor-top-section elementor-element elementor-element-668c32d elementor-section-boxed elementor-section-height-default elementor-section-height-default\" data-id=\"668c32d\" data-element_type=\"section\">\n\t\t\t\t\t\t<div class=\"elementor-container elementor-column-gap-default\">\n\t\t\t\t\t<div class=\"elementor-column elementor-col-100 elementor-top-column elementor-element elementor-element-ad33d56\" data-id=\"ad33d56\" data-element_type=\"column\">\n\t\t\t<div class=\"elementor-widget-wrap elementor-element-populated\">\n\t\t\t\t\t\t\t\t<div class=\"elementor-element elementor-element-6670935 elementor-widget elementor-widget-heading\" data-id=\"6670935\" data-element_type=\"widget\" data-widget_type=\"heading.default\">\n\t\t\t\t<div class=\"elementor-widget-container\">\n\t\t\t<h1 class=\"elementor-heading-title elementor-size-xl\">Galeri<\/h1>\t\t<\/div>\n\t\t\t\t<\/div>\n\t\t\t\t\t<\/div>\n\t\t<\/div>\n\t\t\t\t\t\t\t<\/div>\n\t\t<\/section>\n\t\t\t\t<section class=\"elementor-section elementor-top-section elementor-element elementor-element-68ae6e9 projects_gallery elementor-section-boxed elementor-section-height-default elementor-section-height-default\" data-id=\"68ae6e9\" data-element_type=\"section\">\n\t\t\t\t\t\t<div class=\"elementor-container elementor-column-gap-default\">\n\t\t\t\t\t<div class=\"elementor-column elementor-col-100 elementor-top-column elementor-element elementor-element-4eb8ca0\" data-id=\"4eb8ca0\" data-element_type=\"column\">\n\t\t\t<div class=\"elementor-widget-wrap elementor-element-populated\">\n\t\t\t\t\t\t\t\t<div class=\"elementor-element elementor-element-f78323a elementor-widget elementor-widget-image-gallery\" data-id=\"f78323a\" data-element_type=\"widget\" data-widget_type=\"image-gallery.default\">\n\t\t\t\t<div class=\"elementor-widget-container\">\n\t\t\t\t\t<div class=\"elementor-image-gallery\">\n\t\t\t<div id='gallery-1' class='gallery galleryid-3997 gallery-columns-5 gallery-size-medium'><dl class='gallery-item'>\n\t\t\t<dt class='gallery-icon landscape'>\n\t\t\t\t<a data-elementor-open-lightbox=\"yes\" data-elementor-lightbox-slideshow=\"f78323a\" data-elementor-lightbox-title=\"IMG_3145@2x\" href='https:\/\/zumra.org\/wp-content\/uploads\/2022\/08\/IMG_3145@2x.png'><img loading=\"lazy\" decoding=\"async\" width=\"300\" height=\"200\" src=\"https:\/\/zumra.org\/wp-content\/uploads\/2022\/08\/IMG_3145@2x-300x200.png\" class=\"attachment-medium size-medium\" alt=\"\" srcset=\"https:\/\/zumra.org\/wp-content\/uploads\/2022\/08\/IMG_3145@2x-300x200.png 300w, https:\/\/zumra.org\/wp-content\/uploads\/2022\/08\/IMG_3145@2x.png 608w\" sizes=\"auto, (max-width: 300px) 100vw, 300px\" \/><\/a>\n\t\t\t<\/dt><\/dl><dl class='gallery-item'>\n\t\t\t<dt class='gallery-icon landscape'>\n\t\t\t\t<a data-elementor-open-lightbox=\"yes\" data-elementor-lightbox-slideshow=\"f78323a\" data-elementor-lightbox-title=\"DSC09938@2x\" href='https:\/\/zumra.org\/wp-content\/uploads\/2022\/08\/DSC09938@2x-1.png'><img loading=\"lazy\" decoding=\"async\" width=\"300\" height=\"200\" src=\"https:\/\/zumra.org\/wp-content\/uploads\/2022\/08\/DSC09938@2x-1-300x200.png\" class=\"attachment-medium size-medium\" alt=\"\" srcset=\"https:\/\/zumra.org\/wp-content\/uploads\/2022\/08\/DSC09938@2x-1-300x200.png 300w, https:\/\/zumra.org\/wp-content\/uploads\/2022\/08\/DSC09938@2x-1.png 616w\" sizes=\"auto, (max-width: 300px) 100vw, 300px\" \/><\/a>\n\t\t\t<\/dt><\/dl><dl class='gallery-item'>\n\t\t\t<dt class='gallery-icon landscape'>\n\t\t\t\t<a data-elementor-open-lightbox=\"yes\" data-elementor-lightbox-slideshow=\"f78323a\" data-elementor-lightbox-title=\"BE6A6664@2x\" href='https:\/\/zumra.org\/wp-content\/uploads\/2022\/08\/BE6A6664@2x.png'><img loading=\"lazy\" decoding=\"async\" width=\"300\" height=\"205\" src=\"https:\/\/zumra.org\/wp-content\/uploads\/2022\/08\/BE6A6664@2x-300x205.png\" class=\"attachment-medium size-medium\" alt=\"\" srcset=\"https:\/\/zumra.org\/wp-content\/uploads\/2022\/08\/BE6A6664@2x-300x205.png 300w, https:\/\/zumra.org\/wp-content\/uploads\/2022\/08\/BE6A6664@2x.png 668w\" sizes=\"auto, (max-width: 300px) 100vw, 300px\" \/><\/a>\n\t\t\t<\/dt><\/dl><dl class='gallery-item'>\n\t\t\t<dt class='gallery-icon landscape'>\n\t\t\t\t<a data-elementor-open-lightbox=\"yes\" data-elementor-lightbox-slideshow=\"f78323a\" data-elementor-lightbox-title=\"IMG_8871@2x\" href='https:\/\/zumra.org\/wp-content\/uploads\/2022\/08\/IMG_8871@2x.png'><img loading=\"lazy\" decoding=\"async\" width=\"300\" height=\"200\" src=\"https:\/\/zumra.org\/wp-content\/uploads\/2022\/08\/IMG_8871@2x-300x200.png\" class=\"attachment-medium size-medium\" alt=\"\" srcset=\"https:\/\/zumra.org\/wp-content\/uploads\/2022\/08\/IMG_8871@2x-300x200.png 300w, https:\/\/zumra.org\/wp-content\/uploads\/2022\/08\/IMG_8871@2x.png 644w\" sizes=\"auto, (max-width: 300px) 100vw, 300px\" \/><\/a>\n\t\t\t<\/dt><\/dl><dl class='gallery-item'>\n\t\t\t<dt class='gallery-icon landscape'>\n\t\t\t\t<a data-elementor-open-lightbox=\"yes\" data-elementor-lightbox-slideshow=\"f78323a\" data-elementor-lightbox-title=\"DSC_6463@2x\" href='https:\/\/zumra.org\/wp-content\/uploads\/2022\/08\/DSC_6463@2x.png'><img loading=\"lazy\" decoding=\"async\" width=\"300\" height=\"200\" src=\"https:\/\/zumra.org\/wp-content\/uploads\/2022\/08\/DSC_6463@2x-300x200.png\" class=\"attachment-medium size-medium\" alt=\"\" srcset=\"https:\/\/zumra.org\/wp-content\/uploads\/2022\/08\/DSC_6463@2x-300x200.png 300w, https:\/\/zumra.org\/wp-content\/uploads\/2022\/08\/DSC_6463@2x.png 649w\" sizes=\"auto, (max-width: 300px) 100vw, 300px\" \/><\/a>\n\t\t\t<\/dt><\/dl><br style=\"clear: both\" \/><dl class='gallery-item'>\n\t\t\t<dt class='gallery-icon landscape'>\n\t\t\t\t<a data-elementor-open-lightbox=\"yes\" data-elementor-lightbox-slideshow=\"f78323a\" data-elementor-lightbox-title=\"IMG_1457@2x\" href='https:\/\/zumra.org\/wp-content\/uploads\/2022\/08\/IMG_1457@2x.png'><img loading=\"lazy\" decoding=\"async\" width=\"300\" height=\"200\" src=\"https:\/\/zumra.org\/wp-content\/uploads\/2022\/08\/IMG_1457@2x-300x200.png\" class=\"attachment-medium size-medium\" alt=\"\" srcset=\"https:\/\/zumra.org\/wp-content\/uploads\/2022\/08\/IMG_1457@2x-300x200.png 300w, https:\/\/zumra.org\/wp-content\/uploads\/2022\/08\/IMG_1457@2x.png 608w\" sizes=\"auto, (max-width: 300px) 100vw, 300px\" \/><\/a>\n\t\t\t<\/dt><\/dl><dl class='gallery-item'>\n\t\t\t<dt class='gallery-icon landscape'>\n\t\t\t\t<a data-elementor-open-lightbox=\"yes\" data-elementor-lightbox-slideshow=\"f78323a\" data-elementor-lightbox-title=\"Sky-Replacement@2x\" href='https:\/\/zumra.org\/wp-content\/uploads\/2022\/08\/Sky-Replacement@2x-e1661385970550.png'><img loading=\"lazy\" decoding=\"async\" width=\"300\" height=\"199\" src=\"https:\/\/zumra.org\/wp-content\/uploads\/2022\/08\/Sky-Replacement@2x-e1661385970550-300x199.png\" class=\"attachment-medium size-medium\" alt=\"\" srcset=\"https:\/\/zumra.org\/wp-content\/uploads\/2022\/08\/Sky-Replacement@2x-e1661385970550-300x199.png 300w, https:\/\/zumra.org\/wp-content\/uploads\/2022\/08\/Sky-Replacement@2x-e1661385970550.png 623w\" sizes=\"auto, (max-width: 300px) 100vw, 300px\" \/><\/a>\n\t\t\t<\/dt><\/dl><dl class='gallery-item'>\n\t\t\t<dt class='gallery-icon landscape'>\n\t\t\t\t<a data-elementor-open-lightbox=\"yes\" data-elementor-lightbox-slideshow=\"f78323a\" data-elementor-lightbox-title=\"education@2x\" href='https:\/\/zumra.org\/wp-content\/uploads\/2022\/08\/education@2x.png'><img loading=\"lazy\" decoding=\"async\" width=\"300\" height=\"200\" src=\"https:\/\/zumra.org\/wp-content\/uploads\/2022\/08\/education@2x-300x200.png\" class=\"attachment-medium size-medium\" alt=\"\" srcset=\"https:\/\/zumra.org\/wp-content\/uploads\/2022\/08\/education@2x-300x200.png 300w, https:\/\/zumra.org\/wp-content\/uploads\/2022\/08\/education@2x.png 636w\" sizes=\"auto, (max-width: 300px) 100vw, 300px\" \/><\/a>\n\t\t\t<\/dt><\/dl><dl class='gallery-item'>\n\t\t\t<dt class='gallery-icon landscape'>\n\t\t\t\t<a data-elementor-open-lightbox=\"yes\" data-elementor-lightbox-slideshow=\"f78323a\" data-elementor-lightbox-title=\"IMG_9770@2x\" href='https:\/\/zumra.org\/wp-content\/uploads\/2022\/08\/IMG_9770@2x.png'><img loading=\"lazy\" decoding=\"async\" width=\"300\" height=\"200\" src=\"https:\/\/zumra.org\/wp-content\/uploads\/2022\/08\/IMG_9770@2x-300x200.png\" class=\"attachment-medium size-medium\" alt=\"\" srcset=\"https:\/\/zumra.org\/wp-content\/uploads\/2022\/08\/IMG_9770@2x-300x200.png 300w, https:\/\/zumra.org\/wp-content\/uploads\/2022\/08\/IMG_9770@2x.png 636w\" sizes=\"auto, (max-width: 300px) 100vw, 300px\" \/><\/a>\n\t\t\t<\/dt><\/dl><dl class='gallery-item'>\n\t\t\t<dt class='gallery-icon landscape'>\n\t\t\t\t<a data-elementor-open-lightbox=\"yes\" data-elementor-lightbox-slideshow=\"f78323a\" data-elementor-lightbox-title=\"BE6A5242@2x\" href='https:\/\/zumra.org\/wp-content\/uploads\/2022\/08\/BE6A5242@2x.png'><img loading=\"lazy\" decoding=\"async\" width=\"300\" height=\"200\" src=\"https:\/\/zumra.org\/wp-content\/uploads\/2022\/08\/BE6A5242@2x-300x200.png\" class=\"attachment-medium size-medium\" alt=\"\" srcset=\"https:\/\/zumra.org\/wp-content\/uploads\/2022\/08\/BE6A5242@2x-300x200.png 300w, https:\/\/zumra.org\/wp-content\/uploads\/2022\/08\/BE6A5242@2x.png 653w\" sizes=\"auto, (max-width: 300px) 100vw, 300px\" \/><\/a>\n\t\t\t<\/dt><\/dl><br style=\"clear: both\" \/>\n\t\t<\/div>\n\t\t<\/div>\n\t\t\t\t<\/div>\n\t\t\t\t<\/div>\n\t\t\t\t\t<\/div>\n\t\t<\/div>\n\t\t\t\t\t\t\t<\/div>\n\t\t<\/section>\n\t\t\t\t\t\t<\/div>\n\t\t\t\t\t<\/div>","protected":false},"excerpt":{"rendered":"<p>Projects Zumra delivers aid projects in over ten countries and assists by providing emergency relief, food, water, medical aid, empowerment projects and more. Gallery<\/p>","protected":false},"author":1,"featured_media":0,"parent":0,"menu_order":0,"comment_status":"closed","ping_status":"closed","template":"","meta":{"footnotes":""},"class_list":["post-3997","page","type-page","status-publish","hentry"],"_links":{"self":[{"href":"https:\/\/zumra.org\/tr\/wp-json\/wp\/v2\/pages\/3997","targetHints":{"allow":["GET"]}}],"collection":[{"href":"https:\/\/zumra.org\/tr\/wp-json\/wp\/v2\/pages"}],"about":[{"href":"https:\/\/zumra.org\/tr\/wp-json\/wp\/v2\/types\/page"}],"author":[{"embeddable":true,"href":"https:\/\/zumra.org\/tr\/wp-json\/wp\/v2\/users\/1"}],"replies":[{"embeddable":true,"href":"https:\/\/zumra.org\/tr\/wp-json\/wp\/v2\/comments?post=3997"}],"version-history":[{"count":70,"href":"https:\/\/zumra.org\/tr\/wp-json\/wp\/v2\/pages\/3997\/revisions"}],"predecessor-version":[{"id":4768,"href":"https:\/\/zumra.org\/tr\/wp-json\/wp\/v2\/pages\/3997\/revisions\/4768"}],"wp:attachment":[{"href":"https:\/\/zumra.org\/tr\/wp-json\/wp\/v2\/media?parent=3997"}],"curies":[{"name":"wp","href":"https:\/\/api.w.org\/{rel}","templated":true}]}}