{"id":3,"date":"2021-02-25T05:17:01","date_gmt":"2021-02-25T05:17:01","guid":{"rendered":"https:\/\/zumra.org\/?page_id=3"},"modified":"2026-01-14T00:28:01","modified_gmt":"2026-01-14T00:28:01","slug":"privacy-policy","status":"publish","type":"page","link":"https:\/\/zumra.org\/tr\/privacy-policy\/","title":{"rendered":"Privacy Policy"},"content":{"rendered":"<div data-elementor-type=\"wp-page\" data-elementor-id=\"3\" class=\"elementor elementor-3\" data-elementor-settings=\"[]\">\n\t\t\t\t\t\t\t<div class=\"elementor-section-wrap\">\n\t\t\t\t\t\t\t<section class=\"elementor-section elementor-top-section elementor-element elementor-element-7a4346b4 elementor-section-boxed elementor-section-height-default elementor-section-height-default\" data-id=\"7a4346b4\" data-element_type=\"section\">\n\t\t\t\t\t\t<div class=\"elementor-container elementor-column-gap-default\">\n\t\t\t\t\t<div class=\"elementor-column elementor-col-100 elementor-top-column elementor-element elementor-element-4e42b16e\" data-id=\"4e42b16e\" data-element_type=\"column\">\n\t\t\t<div class=\"elementor-widget-wrap elementor-element-populated\">\n\t\t\t\t\t\t\t\t<div class=\"elementor-element elementor-element-6384ad46 elementor-widget elementor-widget-text-editor\" data-id=\"6384ad46\" data-element_type=\"widget\" id=\"privacy_policy\" data-widget_type=\"text-editor.default\">\n\t\t\t\t<div class=\"elementor-widget-container\">\n\t\t\t\t\t<div class=\"elementor-text-editor elementor-clearfix\"><section id=\"kvkk-disclosure\" class=\"kvkk-disclosure\" lang=\"en\"><header>\n<h1>WEB S\u0130TES\u0130 AYDINLATMA METN\u0130<\/h1>\n<strong>Ki\u015fisel Verilerin Korunmas\u0131 Kanunu Kapsam\u0131nda Ayd\u0131nlatma Metni<\/strong>\n\n<\/header>As Z\u00dcMRA YARDIM DERNE\u011e\u0130 (\u201cAssociation\u201d), in the course of our activities, we attach great importance to\nthe processing, preservation, storage, use, transfer, classification, updating, and deletion of private\nand general personal data belonging to our visitors across all platforms, in compliance with Law No. 6698\non the Protection of Personal Data, secondary regulations enacted or to be enacted under the Law\n(regulations, communiqu\u00e9s, circulars), and binding decisions of the Personal Data Protection Board.\nWith this awareness, as the \u201cData Controller\u201d defined under the Law, we process your personal data as\nexplained below and within the limits mandated by legislation. Data subjects may access detailed\ninformation on the processing, transfer to third parties, legal grounds for collection, and rights under\nthe Law through this disclosure text.\n\n<hr \/>\n\n<h2>1. VER\u0130 SORUMLUSUNA \u0130L\u0130\u015eK\u0130N B\u0130LG\u0130LER<\/h2>\nIn accordance with the Law, Z\u00dcMRA YARDIM DERNE\u011e\u0130, registered in Istanbul under registry number\n34-260-149, located at \u201cYamanevler Mah. K\u00fc\u00e7\u00fcksu Cad. Aydede Sok. No:2-4\/3 \u00dcmraniye \/ Istanbul,\u201d\nis the \u201cData Controller\u201d.\n<ul>\n \t<li><strong>\u0130nternet Sitesi:<\/strong> <a href=\"https:\/\/zumra.org\/tr\/\" rel=\"noopener\">Web: www.zumra.org<\/a><\/li>\n \t<li><strong>Telefon Numaras\u0131:<\/strong> <a href=\"tel:+902166306020\">0216 630 60 20<\/a><\/li>\n \t<li><strong>E-Posta Adresi:<\/strong> <a href=\"mailto:info@zumra.org\">E-posta: info@zumra.org<\/a><\/li>\n<\/ul>\n\n<hr \/>\n\n<h2>2. Ki\u015fisel Verilerin \u0130\u015flenme Ama\u00e7lar\u0131<\/h2>\nThe Association, providing humanitarian aid services in accordance with its charter and legal obligations,\nrequires the processing of personal data both while directly fulfilling its legal obligations and in\ncircumstances where these obligations and the services provided indirectly require it. Your personal data\nmay be processed by the Association or authorized persons\/entities under the following laws and regulations:\n<ul>\n \t<li>4734 say\u0131l\u0131 Kamu \u0130hale Kanunu Mevzuat<\/li>\n \t<li>4735 say\u0131l\u0131 Kamu \u0130hale S\u00f6zle\u015fmeleri Kanunu<\/li>\n \t<li>4857 say\u0131l\u0131 \u0130\u015f Kanunu<\/li>\n \t<li>488 Say\u0131l\u0131 Damga Vergisi Kanunu<\/li>\n \t<li>492 Say\u0131l\u0131 Har\u00e7lar Kanunu<\/li>\n \t<li>5187 Say\u0131l\u0131 Bas\u0131n Kanunu<\/li>\n \t<li>5188 Say\u0131l\u0131 \u00d6zel G\u00fcvenlik Hizmetlerine Dair Kanunun Uygulanmas\u0131na \u0130li\u015fkin Y\u00f6netmelik<\/li>\n \t<li>5232 Say\u0131l\u0131 T\u00fcrk Ceza Kanunu<\/li>\n \t<li>5271 Say\u0131l\u0131 Ceza Muhakemesi Kanunu<\/li>\n \t<li>5510 say\u0131l\u0131 Sosyal Sigortalar ve Genel Sa\u011fl\u0131k Sigortas\u0131 Kanunu\u2019nda ve bu Kanun\u2019a ba\u011fl\u0131 \u00e7\u0131kar\u0131lan ikinci d\u00fczenlemelerde belirtilen y\u00fck\u00fcml\u00fcl\u00fcklerimizi yerine getirmek,<\/li>\n \t<li>5520 Say\u0131l\u0131 Kurumlar Vergisi Kanunu<\/li>\n \t<li>5651 Say\u0131l\u0131 \u0130nternet Ortam\u0131nda Yap\u0131lan Yay\u0131nlar\u0131n D\u00fczenlenmesi Ve Bu Yay\u0131nlar Yoluyla \u0130\u015flenen Su\u00e7larla M\u00fccadele Edilmesi Hakk\u0131nda Kanun<\/li>\n \t<li>5809 Elektronik Haberle\u015fme Kanunu<\/li>\n \t<li>6098 Say\u0131l\u0131 T\u00fcrk Bor\u00e7lar Kanunu<\/li>\n \t<li>6102 Say\u0131l\u0131 Ticaret Kanunu<\/li>\n \t<li>6331 say\u0131l\u0131 \u0130\u015f Sa\u011fl\u0131\u011f\u0131 ve G\u00fcvenli\u011fi Kanunu\u2019nda ve bu Kanun\u2019a ba\u011fl\u0131 \u00e7\u0131kar\u0131lan ikinci d\u00fczenlemelerde belirtilen y\u00fck\u00fcml\u00fcl\u00fcklerimizi yerine getirmek,<\/li>\n \t<li>48107 say\u0131l\u0131 Vergi Muafiyeti Stat\u00fcs\u00fcne Uygunluk yaz\u0131s\u0131 H\u00fck\u00fcmlerine uyum sa\u011flamak ve;<\/li>\n \t<li>4857 say\u0131l\u0131 \u0130\u015f Kanunu\u2019nda ve bu Kanun\u2019a ba\u011fl\u0131 \u00e7\u0131kar\u0131lan ikinci d\u00fczenlemelerde belirtilen y\u00fck\u00fcml\u00fcl\u00fcklerimizi yerine getirmek,<\/li>\n \t<li>5510 say\u0131l\u0131 Sosyal Sigortalar ve Genel Sa\u011fl\u0131k Sigortas\u0131 Kanunu\u2019nda ve bu Kanun\u2019a ba\u011fl\u0131 \u00e7\u0131kar\u0131lan ikinci d\u00fczenlemelerde belirtilen y\u00fck\u00fcml\u00fcl\u00fcklerimizi yerine getirmek,<\/li>\n \t<li>6331 say\u0131l\u0131 \u0130\u015f Sa\u011fl\u0131\u011f\u0131 ve G\u00fcvenli\u011fi Kanunu\u2019nda ve bu Kanun\u2019a ba\u011fl\u0131 \u00e7\u0131kar\u0131lan ikinci d\u00fczenlemelerde belirtilen y\u00fck\u00fcml\u00fcl\u00fcklerimizi yerine getirmek,<\/li>\n \t<li>6698 say\u0131l\u0131 Ki\u015fisel Verilerin Korunmas\u0131 Kanunu\u2019nda ve bu Kanun\u2019a ba\u011fl\u0131 \u00e7\u0131kar\u0131lan ikinci d\u00fczenlemelerde belirtilen y\u00fck\u00fcml\u00fcl\u00fcklerimizi yerine getirmek,<\/li>\n \t<li>09.2008 tarihli Vak\u0131f K\u00fclt\u00fcr Varl\u0131klar\u0131 \u0130hale Y\u00f6netmeli\u011fi<\/li>\n \t<li>Gerekti\u011finde ilgili kamu kurum ver kurulu\u015flar\u0131n\u0131n, adli veya idari yarg\u0131 mercilerinin ve kolluk g\u00fc\u00e7lerinin ihtiyac\u0131 olan bilgileri sa\u011flamak,<\/li>\n<\/ul>\n<strong>ve ;<\/strong>\n<ul>\n \t<li>T\u00fcrkiye\u2019nin ve d\u00fcnyan\u0131n bir\u00e7ok yerinde g\u0131da, giyim, e\u011fitim, sa\u011fl\u0131k, bar\u0131nma alanlar\u0131ndaki sosyal projelerinin hayata ge\u00e7irilmesi,<\/li>\n \t<li>Yurt i\u00e7inde ve yurt d\u0131\u015f\u0131ndaki ihtiya\u00e7 sahiplerine yard\u0131m amac\u0131yla kurulan misafirhanelerin, a\u015fevlerinin, giyim ma\u011fazalar\u0131n\u0131n ve meslek edindirme programlar\u0131n\u0131n amac\u0131na uygun \u015fekilde y\u00fcr\u00fct\u00fclmesi,<\/li>\n \t<li>Ba\u011f\u0131\u015f\u00e7\u0131 ve g\u00f6n\u00fcll\u00fc vatanda\u015flar\u0131m\u0131z\u0131n ayni ve nakdi yard\u0131mlar\u0131n\u0131n web sitemiz ve derne\u011fimiz taraf\u0131ndan belirlenen usullerle taraf\u0131m\u0131za ula\u015ft\u0131r\u0131lmas\u0131,<\/li>\n \t<li>Ba\u011f\u0131\u015f\u00e7\u0131 ve g\u00f6n\u00fcll\u00fclerimizin ayni ve nakdi yard\u0131mlar\u0131n\u0131n ihtiya\u00e7 sahiplerine en h\u0131zl\u0131 ve en az maliyetle ula\u015ft\u0131r\u0131lmas\u0131n\u0131 sa\u011flamak,<\/li>\n \t<li>Derne\u011fimizin ger\u00e7ekle\u015ftirdi\u011fi faaliyetlerin ve yard\u0131m kampanyalar\u0131n\u0131n SMS, e-b\u00fclten ve sair ileti\u015fim vas\u0131talar\u0131yla duyurulmas\u0131,<\/li>\n \t<li>Servis hizmetlerinin ve \u00e7e\u015fitli lojistik faaliyetlerinin planlanmas\u0131 ve icras\u0131,<\/li>\n \t<li>Taraf\u0131m\u0131za iletilen bilgilerin do\u011fru ve g\u00fcncel oldu\u011funu teyit etmek,<\/li>\n \t<li>Faaliyetlerimizi uluslararas\u0131 standartlara uygun \u015fekilde ger\u00e7ekle\u015ftirmek ve yard\u0131mla\u015fma ruhunun olu\u015fmas\u0131na \u00f6nc\u00fcl\u00fck etmek,<\/li>\n \t<li>\u00c7al\u0131\u015fanlar\u0131m\u0131z\u0131n, misafirlerimizin ve derne\u011fimize ait binalar\u0131n g\u00fcvenli\u011finin kamera kayd\u0131 ve sair g\u00fcvenlik \u00f6nlemleri ile sa\u011flanabilmesi ve giri\u015f-\u00e7\u0131k\u0131\u015flar\u0131n kontrol edilebilmesi,<\/li>\n \t<li>\u0130lgili kanunlar ve idari d\u00fczenlemeler uyar\u0131nca d\u00fczenlenmesi gereken evraklar\u0131n d\u00fczenlenebilmesi,<\/li>\n \t<li>\u0130lgili kanunlar ve idari d\u00fczenlemeler uyar\u0131nca d\u00fczenlenmesi gereken evraklar\u0131n d\u00fczenlenebilmesi,<\/li>\n \t<li>Derne\u011fimiz ile i\u015f ili\u015fkisi i\u00e7erisinde olan ger\u00e7ek\/t\u00fczel ki\u015filerin hukuki g\u00fcvenli\u011finin sa\u011flanmas\u0131,<\/li>\n \t<li>Derne\u011fimiz b\u00fcnyesinde ger\u00e7ekle\u015ftirdi\u011fimiz faaliyetlerde dernek \u00fcyesi\/g\u00f6n\u00fcll\u00fc olarak yer almak isteyen ki\u015fileri ekibimize dahil etmek,<\/li>\n \t<li>Mevzuat uyar\u0131nca Derne\u011fimizin tutmas\u0131 gereken resmi belgelerin d\u00fczenlenmesi ve bu i\u015flemlere ait s\u00fcre\u00e7lerin do\u011fru bir \u015fekilde y\u00fcr\u00fct\u00fclmesi,<\/li>\n \t<li>\u00c7al\u0131\u015fanlar\u0131m\u0131za teslim edilen ara\u00e7 ve gere\u00e7lerin verimli ve etkili kullan\u0131lmas\u0131n\u0131 sa\u011flamak,<\/li>\n \t<li>\u00c7al\u0131\u015fan adaylar\u0131n\u0131n i\u015fe al\u0131m s\u00fcre\u00e7lerinin de\u011ferlendirilmesi, i\u015f ba\u015fvurusu kabul edilen \u00e7al\u0131\u015fanlar\u0131n \u00f6zl\u00fck dosyalar\u0131n\u0131n olu\u015fturulmas\u0131 ve Derne\u011fimizin insan kaynaklar\u0131 politikalar\u0131n\u0131n s\u00fcrd\u00fcr\u00fclmesi,<\/li>\n \t<li>\u00c7al\u0131\u015fanlar\u0131m\u0131z\u0131n moral ve motivasyonunun, performans d\u00fczeyinin, memnuniyetlerinin, birbirleriyle ve Derne\u011fimizle olan etkile\u015fimlerinin art\u0131r\u0131lmas\u0131 ve Derne\u011fimize olan ba\u011fl\u0131l\u0131klar\u0131n\u0131n sa\u011flanmas\u0131,<\/li>\n \t<li>\u00c7a\u011fr\u0131 merkezlerimizle ya da dernek telefonlar\u0131m\u0131zla ileti\u015fim sa\u011flanmas\u0131 halinde ses ve g\u00f6r\u00fcnt\u00fc kayd\u0131 ile ileti\u015fimin tespiti,<\/li>\n \t<li>\u0130\u015f s\u00f6zle\u015fmelerinden kaynaklanan y\u00fck\u00fcml\u00fcl\u00fcklerin yerine getirilebilmesi,<\/li>\n \t<li>Derne\u011fimizde meydana gelebilecek olaylarda disiplin s\u00fcrecinin i\u015fletilebilmesi<\/li>\n \t<li>Yarg\u0131, \u0130\u00e7i\u015fleri Bakanl\u0131\u011f\u0131, belediyeler ve ilgili di\u011fer kamu kurum ve kurulu\u015flar\u0131n\u0131n taleplerinin yerine getirilmesi,<\/li>\n \t<li>\u0130nternet sitemizin ziyaret edilmesi durumunda istatistiksel verilerin olu\u015fturulmas\u0131<\/li>\n<\/ul>\nda dahil olmak \u00fczere dernek faaliyetlerinin s\u00fcrd\u00fcr\u00fclebilmesi ama\u00e7lar\u0131yla Kanun\u2019da belirtilen s\u0131n\u0131rlar \u00e7er\u00e7evesinde hukuka, d\u00fcr\u00fcstl\u00fck kurallar\u0131na uygun ve i\u015fbu ama\u00e7larla her daim ba\u011flant\u0131l\u0131, s\u0131n\u0131rl\u0131 ve \u00f6l\u00e7\u00fcl\u00fc \u015fekilde i\u015flenmektedir. Ki\u015fisel verileriniz i\u015fleme amac\u0131 sona erdi\u011finde, yasal s\u00fcrelerin tamamlanmas\u0131n\u0131 m\u00fcteakip imha edilecektir.\n\n<hr \/>\n\n<h2>3. Ki\u015fisel Verilerin Aktar\u0131lmas\u0131<\/h2>\nKi\u015fisel verileriniz, yukar\u0131da say\u0131lan ama\u00e7lar dahilinde ve faaliyetlerimizin s\u00fcreklili\u011fini sa\u011flamak ad\u0131na, Kanun\u2019un 8. ve 9. maddesinde belirtilen \u015fartlara uygun olarak mevzuatta izin verilen ger\u00e7ek ve t\u00fczel ki\u015filere, ba\u011f\u0131\u015f\u00e7\u0131lara ve g\u00f6n\u00fcll\u00fclere, gerekti\u011finde yetkili di\u011fer kamu kurum ve kurulu\u015flar\u0131na, adli ve idari yarg\u0131 mercilerine, kolluk kuvvetlerine, i\u015f ili\u015fkisi i\u00e7erisinde oldu\u011fumuz kurum ve kurulu\u015flara, insani yard\u0131m faaliyetleri ile ilgili otoritelere ve ilgili bakanl\u0131\u011fa ve ortak faaliyet y\u00fcr\u00fctt\u00fc\u011f\u00fc ayn\u0131 amaca sahip insani yard\u0131m derneklerine, d\u0131\u015far\u0131dan hizmet al\u0131nan dan\u0131\u015fmanl\u0131k, tedarik\u00e7i, teknoloji, hukuk ve e\u011fitim \u015firketlerine aktar\u0131labilmektedir.\n\n<hr \/>\n\n<h2>4. K\u0130\u015e\u0130SEL VER\u0130LER\u0130N TOPLANMA Y\u00d6NTEMLER\u0130 VE HUKUK\u0130 SEBEPLER\u0130<\/h2>\nKi\u015fisel verileriniz; Z\u00dcMRA YARDIM DERNE\u011e\u0130 taraf\u0131ndan yetkilendirilmi\u015f veri i\u015fleyen ger\u00e7ek veya t\u00fczel ki\u015filer taraf\u0131ndan, e-posta, telefon, internet sitesi, muhtelif s\u00f6zle\u015fmeler, ka\u011f\u0131t ortam\u0131nda tutulan formlar ve tutanaklar gibi vas\u0131talarla otomatik ve otomatik olmayan y\u00f6ntemlerle s\u00f6zl\u00fc, yaz\u0131l\u0131 veya elektronik ortamda toplanmaktad\u0131r\n<h4>G\u00f6n\u00fcll\u00fc<\/h4>\nAd-Soyad, Kimlik-ehliyet-pasaport bilgileri, cinsiyet, uyruk, do\u011fum yeri, do\u011fum tarihi, telefon numaras\u0131, e-posta adresi, adres bilgileri, kan grubu, banka hesap bilgileri, medeni durum, askerlik bilgileri, e\u011fitim bilgisi, log kay\u0131tlar\u0131, vesikal\u0131k foto\u011fraf, adli sicil kayd\u0131, acil durumlarda ileti\u015fime ge\u00e7ilmesi amac\u0131yla irtibat ki\u015fisi bilgileri, sa\u011fl\u0131k bilgileri, sertifikalar, i\u015f tecr\u00fcbesi\n<h4>\u0130htiya\u00e7 Sahibi<\/h4>\nAd-Soyad, Kimlik-pasaport bilgileri, cinsiyet, uyruk, ana-baba ad\u0131, do\u011fum y\u0131l\u0131, do\u011fum yeri, medeni durum, e\u011fitim bilgisi, imza, adli sicil kayd\u0131, telefon numaras\u0131, e-posta adresi, vesikal\u0131k foto\u011fraf, adres bilgileri, kan grubu, banka hesap bilgileri, acil durumlarda ileti\u015fime ge\u00e7ilmesi amac\u0131yla irtibat ki\u015fisi bilgileri, sizin ve bakmak y\u00fck\u00fcml\u00fc olunan ki\u015filer hakk\u0131nda ailenizin n\u00fcfus kay\u0131t bilgileri, aile durumunuza ili\u015fkin bilgiler, sa\u011fl\u0131k bilgileri, adli veya idari makamlardan gelen kayd\u0131 gereken evrak\n<h4>Tedarik\u00e7i Kurum Temsilcisi<\/h4>\nAd-Soyad, telefon numaras\u0131, e-posta adresi, adres bilgileri, vergi numaras\u0131, imza, banka bilgileri\n<h4>Ziyaret\u00e7i<\/h4>\nAd-Soyad, T.C. kimlik numaras\u0131, telefon numaras\u0131, e-posta, adres bilgileri, giri\u015f-\u00e7\u0131k\u0131\u015f bilgileri, g\u00fcvenlik kay\u0131tlar\u0131\n\ntipindeki \u00f6zel ve genel nitelikli ki\u015fisel veriler Kanun\u2019un 5. maddesinin 2\/a-c-\u00e7-e-f bentleri ve 6. maddesinin 3. f\u0131kras\u0131 uyar\u0131nca, temel hak ve \u00f6zg\u00fcrl\u00fcklerinize zarar vermemek kayd\u0131yla ve Z\u00dcMRA YARDIM DERNE\u011e\u0130\u2019nin me\u015fru menfaatleri hukuki sebebine dayal\u0131 olarak i\u015flenmektedir.\n\n<hr \/>\n\n<h2>5. VER\u0130 SAH\u0130PLER\u0130N\u0130N KANUN KAPSAMINDAK\u0130 HAKLARI<\/h2>\nDiledi\u011finiz zaman Z\u00dcMRA YARDIM DERNE\u011e\u0130\u2019 ne ba\u015fvurarak ki\u015fisel verilerinizin;\n<ul>\n \t<li>\u0130\u015flenip i\u015flenmedi\u011fini, i\u015flenme amac\u0131n\u0131 ve amac\u0131na uygun kullan\u0131p kullan\u0131lmad\u0131\u011f\u0131 \u00f6\u011frenebilir ve i\u015flenmi\u015f ise bu konuda bilgi isteyebilir,<\/li>\n \t<li>Kanun\u2019a uygun olarak yurt i\u00e7inde ve yurt d\u0131\u015f\u0131nda bilgilerinizin payla\u015f\u0131ld\u0131\u011f\u0131 \u00fc\u00e7\u00fcnc\u00fc ki\u015fileri \u00f6\u011frenebilir,<\/li>\n \t<li>Bilgilerinizin eksik ya da hatal\u0131 i\u015flendi\u011fini d\u00fc\u015f\u00fcn\u00fcyorsan\u0131z d\u00fczeltilmesini isteyebilir,<\/li>\n \t<li>Kanunun 7. maddesinde \u00f6ng\u00f6r\u00fclen \u015fartlar \u00e7er\u00e7evesinde bilgilerinizin silinmesini ya da yok edilmesini talep edebilir,<\/li>\n \t<li>Bilgilerinizin aktar\u0131ld\u0131\u011f\u0131 \u00fc\u00e7\u00fcnc\u00fc ki\u015filere (c) ve (d) bentlerinde belirtilen taleplerinizin bildirilmesini ve ayn\u0131 i\u015flemleri ger\u00e7ekle\u015ftirmelerini isteyebilir,<\/li>\n \t<li>Bilgilerinizin, otomatik sistemler ile analiz edilmesi nedeniyle aleyhinize bir sonucun ortaya \u00e7\u0131kmas\u0131na itiraz edebilir veya kanuna ayk\u0131r\u0131 olarak kaydedildi\u011fini veya kullan\u0131ld\u0131\u011f\u0131n\u0131 d\u00fc\u015f\u00fcn\u00fcyorsan\u0131z ve bu sebeple zarara u\u011fram\u0131\u015fsan\u0131z zarar\u0131n giderilmesini isteyebilirsiniz.<\/li>\n<\/ul>\nBu ama\u00e7larla yapt\u0131\u011f\u0131n\u0131z ba\u015fvurunun ek bir maliyet gerektirmesi durumunda, Ki\u015fisel Verileri Koruma Kurulu taraf\u0131ndan \u00e7\u0131kar\u0131lan Veri Sorumlusuna Ba\u015fvuru Usul ve Esaslar\u0131 Hakk\u0131nda Tebli\u011f ile belirlenen \u00fccreti \u00f6demeniz s\u00f6z konusu olacakt\u0131r. Ba\u015fvurunuza yaz\u0131l\u0131 cevap verilmesi halinde ilk 10 (on) sayfaya kadar \u00fccret al\u0131nmayacak, 10 (on) sayfan\u0131n \u00fczerindeki her sayfa i\u00e7in 1 TL i\u015flem \u00fccreti al\u0131nacakt\u0131r. Ba\u015fvurunuza verilecek cevab\u0131n CD, flash bellek gibi bir kay\u0131t ortam\u0131nda verilmesi halinde ise, kay\u0131t ortam\u0131n\u0131n maliyeti kadar \u00fccret taraf\u0131n\u0131za yans\u0131t\u0131lacakt\u0131r.\nBa\u015fvurunuzda yer alan talepleriniz, talebin niteli\u011fine g\u00f6re en k\u0131sa s\u00fcrede ve en ge\u00e7 30 (otuz) g\u00fcn i\u00e7inde sonu\u00e7land\u0131r\u0131lacakt\u0131r.\nKanun kapsam\u0131ndaki haklar\u0131n\u0131zdan yararlanmak i\u00e7in ba\u015fvurular\u0131n\u0131z\u0131, T\u00fcrk\u00e7e olmak kayd\u0131yla yaz\u0131l\u0131 olarak Z\u00dcMRA YARDIM DERNE\u011e\u0130\u2019ne iletebilir, detayl\u0131 bilgi almak i\u00e7in <a href=\"https:\/\/www.kvkk.gov.tr\" target=\"_blank\" rel=\"noopener\">Ki\u015fisel Verileri Koruma Kurumu\u2019nun internet sayfas\u0131n\u0131 ziyaret edebilirsiniz.<\/a>.\n<h3>Ba\u015fvurular\u0131n\u0131z\u0131;<\/h3>\n<ol>\n \t<li>After filling out the form available at <div class=\"application_link_download\"><\/div>, delivering a wet-signed copy in person or via notary to\nthe email address <a href=\"mailto:info@zumra.org\">E-posta: info@zumra.org<\/a> adresine iletilmesi,<address>Yamanevler Mah. K\u00fc\u00e7\u00fcksu Cad. Aydede Sok. No:2-4\/3 \u00dcmraniye \/ Istanbul<\/address><\/li>\n \t<li>After filling out the form available at <div class=\"application_link_download\"><\/div>, signing with your secure electronic signature within the scope of\nLaw No. 5070 on Electronic Signatures and sending the securely e-signed form via registered email to\n<a href=\"mailto:info@zumra.org\">E-posta: info@zumra.org<\/a>.<\/li>\n<\/ol>\nY\u00f6ntemlerinden biriyle yapabilirsiniz.\nKi\u015fisel veri sahibi olarak sahip oldu\u011funuz ve yukar\u0131da belirtilen haklar\u0131n\u0131z\u0131 kullanmak i\u00e7in yapaca\u011f\u0131n\u0131z ve kullanmay\u0131 talep etti\u011finiz hakka ili\u015fkin a\u00e7\u0131klamalar\u0131n\u0131z\u0131 i\u00e7eren ba\u015fvuruda; talep etti\u011finiz hususun a\u00e7\u0131k ve anla\u015f\u0131l\u0131r olmas\u0131, talep etti\u011finiz konunun \u015fahs\u0131n\u0131z ile ilgili olmas\u0131 veya ba\u015fkas\u0131 ad\u0131na hareket ediyor iseniz bu konuda noter taraf\u0131ndan tasdiklenmi\u015f \u00f6zel vek\u00e2letnamenizi ibraz etmeniz gerekecektir.\nBa\u015fvurular\u0131n\u0131zda, ad-soyad, imza, T.C. kimlik numaras\u0131, ikamet veya i\u015fyeri adresi, e-posta adresi, telefon ve faks numaras\u0131, talep konusu unsurlar\u0131n\u0131n bulunmas\u0131 \u201cVeri Sorumlusuna Ba\u015fvuru Usul ve Esaslar\u0131 Hakk\u0131nda Tebli\u011f\u201d uyar\u0131nca zorunludur. S\u00f6z konusu unsurlar\u0131 bar\u0131nd\u0131rmayan ba\u015fvurular Z\u00dcMRA YARDIM DERNE\u011e\u0130 taraf\u0131ndan reddedilecektir.\nZ\u00dcMRA YARDIM DERNE\u011e\u0130\u2019nin i\u015fbu ayd\u0131nlatma metninde Kanun\u2019dan, ikincil d\u00fczenlemelerden ve Kurul kararlar\u0131ndan do\u011fan sebeplerle de\u011fi\u015fiklik yapma hakk\u0131 her zaman sakl\u0131d\u0131r. Ayd\u0131nlatma metninde yap\u0131lacak de\u011fi\u015fiklikler ve g\u00fcncel metin taraf\u0131n\u0131za tebli\u011f edildi\u011fi tarih itibariyle derhal ge\u00e7erlilik kazanacakt\u0131r.  Z\u00dcMRA YARDIM DERNE\u011e\u0130\n\n<hr \/>\n\n<h2><em>Disclaimer on Translation<\/em><\/h2>\n<em>The Turkish version of the Ayd\u0131nlatma Metni constitutes the official and binding text. This English translation is provided solely for informational\npurposes and does not create any legal rights or obligations. In the event of any discrepancy, the Turkish original shall prevail.\n<\/em>\n\n<\/section><\/div>\n\t\t\t\t<\/div>\n\t\t\t\t<\/div>\n\t\t\t\t\t<\/div>\n\t\t<\/div>\n\t\t\t\t\t\t\t<\/div>\n\t\t<\/section>\n\t\t\t\t\t\t<\/div>\n\t\t\t\t\t<\/div>","protected":false},"excerpt":{"rendered":"<p>WEBSITE DISCLOSURE TEXT Within the Scope of the Processing of Personal Data Protection Law As Z\u00dcMRA YARDIM DERNE\u011e\u0130 (\u201cAssociation\u201d), in the course of our activities, we attach great importance to the processing, preservation, storage, use, transfer, classification, updating, and deletion of private and general personal data belonging to our visitors across all platforms, in compliance &hellip;<\/p>","protected":false},"author":1,"featured_media":0,"parent":0,"menu_order":0,"comment_status":"closed","ping_status":"open","template":"","meta":{"footnotes":""},"class_list":["post-3","page","type-page","status-publish","hentry"],"_links":{"self":[{"href":"https:\/\/zumra.org\/tr\/wp-json\/wp\/v2\/pages\/3","targetHints":{"allow":["GET"]}}],"collection":[{"href":"https:\/\/zumra.org\/tr\/wp-json\/wp\/v2\/pages"}],"about":[{"href":"https:\/\/zumra.org\/tr\/wp-json\/wp\/v2\/types\/page"}],"author":[{"embeddable":true,"href":"https:\/\/zumra.org\/tr\/wp-json\/wp\/v2\/users\/1"}],"replies":[{"embeddable":true,"href":"https:\/\/zumra.org\/tr\/wp-json\/wp\/v2\/comments?post=3"}],"version-history":[{"count":56,"href":"https:\/\/zumra.org\/tr\/wp-json\/wp\/v2\/pages\/3\/revisions"}],"predecessor-version":[{"id":4981,"href":"https:\/\/zumra.org\/tr\/wp-json\/wp\/v2\/pages\/3\/revisions\/4981"}],"wp:attachment":[{"href":"https:\/\/zumra.org\/tr\/wp-json\/wp\/v2\/media?parent=3"}],"curies":[{"name":"wp","href":"https:\/\/api.w.org\/{rel}","templated":true}]}}