{"id":2853,"date":"2021-09-28T06:06:58","date_gmt":"2021-09-28T06:06:58","guid":{"rendered":"https:\/\/zumra.org\/?page_id=2853"},"modified":"2022-12-15T00:22:44","modified_gmt":"2022-12-15T00:22:44","slug":"about","status":"publish","type":"page","link":"https:\/\/zumra.org\/tr\/about\/","title":{"rendered":"Hakk\u0131m\u0131zda"},"content":{"rendered":"<div data-elementor-type=\"wp-page\" data-elementor-id=\"2853\" class=\"elementor elementor-2853\" data-elementor-settings=\"[]\">\n\t\t\t\t\t\t\t<div class=\"elementor-section-wrap\">\n\t\t\t\t\t\t\t<section class=\"elementor-section elementor-top-section elementor-element elementor-element-45d3765 elementor-section-boxed elementor-section-height-default elementor-section-height-default\" data-id=\"45d3765\" data-element_type=\"section\">\n\t\t\t\t\t\t<div class=\"elementor-container elementor-column-gap-wide\">\n\t\t\t\t\t<div class=\"elementor-column elementor-col-33 elementor-top-column elementor-element elementor-element-c5543bd\" data-id=\"c5543bd\" data-element_type=\"column\">\n\t\t\t<div class=\"elementor-widget-wrap elementor-element-populated\">\n\t\t\t\t\t\t\t\t<div class=\"elementor-element elementor-element-f365df7 elementor-widget elementor-widget-image\" data-id=\"f365df7\" data-element_type=\"widget\" data-widget_type=\"image.default\">\n\t\t\t\t<div class=\"elementor-widget-container\">\n\t\t\t\t\t<div class=\"elementor-image\">\n\t\t\t\t\t\t\t\t\t\t<img loading=\"lazy\" decoding=\"async\" width=\"450\" height=\"450\" src=\"https:\/\/zumra.org\/wp-content\/uploads\/2022\/08\/n_N7A2877-1.png\" class=\"attachment-large size-large\" alt=\"\" srcset=\"https:\/\/zumra.org\/wp-content\/uploads\/2022\/08\/n_N7A2877-1.png 450w, https:\/\/zumra.org\/wp-content\/uploads\/2022\/08\/n_N7A2877-1-300x300.png 300w, https:\/\/zumra.org\/wp-content\/uploads\/2022\/08\/n_N7A2877-1-150x150.png 150w\" sizes=\"auto, (max-width: 450px) 100vw, 450px\" \/>\t\t\t\t\t\t\t\t\t\t\t<\/div>\n\t\t\t\t<\/div>\n\t\t\t\t<\/div>\n\t\t\t\t\t<\/div>\n\t\t<\/div>\n\t\t\t\t<div class=\"elementor-column elementor-col-33 elementor-top-column elementor-element elementor-element-92ff542\" data-id=\"92ff542\" data-element_type=\"column\">\n\t\t\t<div class=\"elementor-widget-wrap elementor-element-populated\">\n\t\t\t\t\t\t\t\t<div class=\"elementor-element elementor-element-fb4141b elementor-widget elementor-widget-image\" data-id=\"fb4141b\" data-element_type=\"widget\" data-widget_type=\"image.default\">\n\t\t\t\t<div class=\"elementor-widget-container\">\n\t\t\t\t\t<div class=\"elementor-image\">\n\t\t\t\t\t\t\t\t\t\t<img loading=\"lazy\" decoding=\"async\" width=\"450\" height=\"450\" src=\"https:\/\/zumra.org\/wp-content\/uploads\/2022\/08\/IMG_8816.png\" class=\"attachment-large size-large\" alt=\"\" srcset=\"https:\/\/zumra.org\/wp-content\/uploads\/2022\/08\/IMG_8816.png 450w, https:\/\/zumra.org\/wp-content\/uploads\/2022\/08\/IMG_8816-300x300.png 300w, https:\/\/zumra.org\/wp-content\/uploads\/2022\/08\/IMG_8816-150x150.png 150w\" sizes=\"auto, (max-width: 450px) 100vw, 450px\" \/>\t\t\t\t\t\t\t\t\t\t\t<\/div>\n\t\t\t\t<\/div>\n\t\t\t\t<\/div>\n\t\t\t\t\t<\/div>\n\t\t<\/div>\n\t\t\t\t<div class=\"elementor-column elementor-col-33 elementor-top-column elementor-element elementor-element-d859231\" data-id=\"d859231\" data-element_type=\"column\">\n\t\t\t<div class=\"elementor-widget-wrap elementor-element-populated\">\n\t\t\t\t\t\t\t\t<div class=\"elementor-element elementor-element-c6fb3a0 elementor-widget elementor-widget-image\" data-id=\"c6fb3a0\" data-element_type=\"widget\" data-widget_type=\"image.default\">\n\t\t\t\t<div class=\"elementor-widget-container\">\n\t\t\t\t\t<div class=\"elementor-image\">\n\t\t\t\t\t\t\t\t\t\t<img loading=\"lazy\" decoding=\"async\" width=\"450\" height=\"450\" src=\"https:\/\/zumra.org\/wp-content\/uploads\/2022\/08\/IMG_7868.png\" class=\"attachment-large size-large\" alt=\"\" srcset=\"https:\/\/zumra.org\/wp-content\/uploads\/2022\/08\/IMG_7868.png 450w, https:\/\/zumra.org\/wp-content\/uploads\/2022\/08\/IMG_7868-300x300.png 300w, https:\/\/zumra.org\/wp-content\/uploads\/2022\/08\/IMG_7868-150x150.png 150w\" sizes=\"auto, (max-width: 450px) 100vw, 450px\" \/>\t\t\t\t\t\t\t\t\t\t\t<\/div>\n\t\t\t\t<\/div>\n\t\t\t\t<\/div>\n\t\t\t\t\t<\/div>\n\t\t<\/div>\n\t\t\t\t\t\t\t<\/div>\n\t\t<\/section>\n\t\t\t\t<section class=\"elementor-section elementor-top-section elementor-element elementor-element-603962b elementor-section-boxed elementor-section-height-default elementor-section-height-default\" data-id=\"603962b\" data-element_type=\"section\">\n\t\t\t\t\t\t<div class=\"elementor-container elementor-column-gap-default\">\n\t\t\t\t\t<div class=\"elementor-column elementor-col-100 elementor-top-column elementor-element elementor-element-ae2bf06\" data-id=\"ae2bf06\" data-element_type=\"column\">\n\t\t\t<div class=\"elementor-widget-wrap elementor-element-populated\">\n\t\t\t\t\t\t\t\t<div class=\"elementor-element elementor-element-ef663a4 elementor-widget elementor-widget-heading\" data-id=\"ef663a4\" data-element_type=\"widget\" data-widget_type=\"heading.default\">\n\t\t\t\t<div class=\"elementor-widget-container\">\n\t\t\t<h1 class=\"elementor-heading-title elementor-size-large\">Hakk\u0131m\u0131zda<\/h1>\t\t<\/div>\n\t\t\t\t<\/div>\n\t\t\t\t\t<\/div>\n\t\t<\/div>\n\t\t\t\t\t\t\t<\/div>\n\t\t<\/section>\n\t\t\t\t<section class=\"elementor-section elementor-top-section elementor-element elementor-element-687cd6b about_us_content elementor-section-boxed elementor-section-height-default elementor-section-height-default\" data-id=\"687cd6b\" data-element_type=\"section\">\n\t\t\t\t\t\t<div class=\"elementor-container elementor-column-gap-default\">\n\t\t\t\t\t<div class=\"elementor-column elementor-col-100 elementor-top-column elementor-element elementor-element-235fcd0\" data-id=\"235fcd0\" data-element_type=\"column\">\n\t\t\t<div class=\"elementor-widget-wrap elementor-element-populated\">\n\t\t\t\t\t\t\t\t<div class=\"elementor-element elementor-element-8e05e78 elementor-widget elementor-widget-text-editor\" data-id=\"8e05e78\" data-element_type=\"widget\" data-widget_type=\"text-editor.default\">\n\t\t\t\t<div class=\"elementor-widget-container\">\n\t\t\t\t\t<div class=\"elementor-text-editor elementor-clearfix\"><p>Z\u00fcmra, T\u00fcrkiye merkezli uluslararas\u0131 bir yard\u0131m kurulu\u015fudur ve d\u00fcnya genelinde yoksul, muhta\u00e7, yerinden edilmi\u015f ve dezavantajl\u0131 insanlara hayati yard\u0131m ve destek sa\u011flar.<\/p><p>Bu \u00f6zel kurulu\u015f, di\u011fer uluslararas\u0131 partner kurulu\u015flar ad\u0131na projeler ve yard\u0131m \u00e7al\u0131\u015fmalar\u0131 y\u00fcr\u00fctme konusunda uzmanla\u015fm\u0131\u015ft\u0131r.<\/p><p>Zumra, on be\u015ften fazla \u00fclkede yard\u0131m projeleri ger\u00e7ekle\u015ftirerek acil yard\u0131m, g\u0131da, su, t\u0131bbi destek, kalk\u0131nma projeleri ve daha bir\u00e7ok alanda ihtiya\u00e7 sahiplerine destek olmaktad\u0131r.<\/p><\/div>\n\t\t\t\t<\/div>\n\t\t\t\t<\/div>\n\t\t\t\t\t<\/div>\n\t\t<\/div>\n\t\t\t\t\t\t\t<\/div>\n\t\t<\/section>\n\t\t\t\t<section class=\"elementor-section elementor-top-section elementor-element elementor-element-a66c74c elementor-section-boxed elementor-section-height-default elementor-section-height-default\" data-id=\"a66c74c\" data-element_type=\"section\">\n\t\t\t\t\t\t<div class=\"elementor-container elementor-column-gap-default\">\n\t\t\t\t\t<div class=\"elementor-column elementor-col-100 elementor-top-column elementor-element elementor-element-125fae7\" data-id=\"125fae7\" data-element_type=\"column\">\n\t\t\t<div class=\"elementor-widget-wrap elementor-element-populated\">\n\t\t\t\t\t\t\t\t<div class=\"elementor-element elementor-element-3738070 elementor-widget elementor-widget-heading\" data-id=\"3738070\" data-element_type=\"widget\" data-widget_type=\"heading.default\">\n\t\t\t\t<div class=\"elementor-widget-container\">\n\t\t\t<h1 class=\"elementor-heading-title elementor-size-default\">Z\u00fcmra\u2019n\u0131n \u0130lkesi<\/h1>\t\t<\/div>\n\t\t\t\t<\/div>\n\t\t\t\t\t<\/div>\n\t\t<\/div>\n\t\t\t\t\t\t\t<\/div>\n\t\t<\/section>\n\t\t\t\t<section class=\"elementor-section elementor-top-section elementor-element elementor-element-92ce115 about_us_content elementor-section-boxed elementor-section-height-default elementor-section-height-default\" data-id=\"92ce115\" data-element_type=\"section\">\n\t\t\t\t\t\t<div class=\"elementor-container elementor-column-gap-default\">\n\t\t\t\t\t<div class=\"elementor-column elementor-col-100 elementor-top-column elementor-element elementor-element-d85335b\" data-id=\"d85335b\" data-element_type=\"column\">\n\t\t\t<div class=\"elementor-widget-wrap elementor-element-populated\">\n\t\t\t\t\t\t\t\t<div class=\"elementor-element elementor-element-616fb05 elementor-widget elementor-widget-text-editor\" data-id=\"616fb05\" data-element_type=\"widget\" data-widget_type=\"text-editor.default\">\n\t\t\t\t<div class=\"elementor-widget-container\">\n\t\t\t\t\t<div class=\"elementor-text-editor elementor-clearfix\"><p><em>\"Yard\u0131m ve Destek Koordinasyonunda M\u00fckemmellik Taahh\u00fcd\u00fc\"<\/em><\/p><p>Zumra \u015fu de\u011ferlere ba\u011fl\u0131d\u0131r:<\/p><ul><li>Proje koordinasyonunda m\u00fckemmellik<\/li><li>Ba\u011f\u0131\u015f\u00e7\u0131lar\u0131n ve partner kurulu\u015flar\u0131n g\u00fcvenine lay\u0131k olmak<\/li><li>Fonlar\u0131n h\u0131zl\u0131 ve etkin \u015fekilde da\u011f\u0131t\u0131lmas\u0131n\u0131 sa\u011flamak<\/li><li>S\u00fcrd\u00fcr\u00fclebilir programlar\u0131 finanse etmek<\/li><li>Kaliteli altyap\u0131ya yat\u0131r\u0131m yapmak<\/li><li>Vak\u0131f projelerinin s\u00fcrd\u00fcr\u00fclebilirli\u011fini sa\u011flamak i\u00e7in bak\u0131m ve koruma yapmak<\/li><\/ul><\/div>\n\t\t\t\t<\/div>\n\t\t\t\t<\/div>\n\t\t\t\t\t<\/div>\n\t\t<\/div>\n\t\t\t\t\t\t\t<\/div>\n\t\t<\/section>\n\t\t\t\t<section class=\"elementor-section elementor-top-section elementor-element elementor-element-e5d3f89 elementor-section-boxed elementor-section-height-default elementor-section-height-default\" data-id=\"e5d3f89\" data-element_type=\"section\">\n\t\t\t\t\t\t<div class=\"elementor-container elementor-column-gap-default\">\n\t\t\t\t\t<div class=\"elementor-column elementor-col-100 elementor-top-column elementor-element elementor-element-3d583aa\" data-id=\"3d583aa\" data-element_type=\"column\">\n\t\t\t<div class=\"elementor-widget-wrap elementor-element-populated\">\n\t\t\t\t\t\t\t\t<div class=\"elementor-element elementor-element-e4c0607 elementor-aspect-ratio-169 elementor-widget elementor-widget-video\" data-id=\"e4c0607\" data-element_type=\"widget\" data-settings=\"{&quot;youtube_url&quot;:&quot;https:\\\/\\\/youtu.be\\\/khkQQFTZzSQ&quot;,&quot;video_type&quot;:&quot;youtube&quot;,&quot;controls&quot;:&quot;yes&quot;,&quot;aspect_ratio&quot;:&quot;169&quot;}\" data-widget_type=\"video.default\">\n\t\t\t\t<div class=\"elementor-widget-container\">\n\t\t\t\t\t<div class=\"elementor-wrapper elementor-fit-aspect-ratio elementor-open-inline\">\n\t\t\t<div class=\"elementor-video\"><\/div>\t\t<\/div>\n\t\t\t\t<\/div>\n\t\t\t\t<\/div>\n\t\t\t\t\t<\/div>\n\t\t<\/div>\n\t\t\t\t\t\t\t<\/div>\n\t\t<\/section>\n\t\t\t\t<section class=\"elementor-section elementor-top-section elementor-element elementor-element-4c5bca5 elementor-section-boxed elementor-section-height-default elementor-section-height-default\" data-id=\"4c5bca5\" data-element_type=\"section\">\n\t\t\t\t\t\t<div class=\"elementor-container elementor-column-gap-default\">\n\t\t\t\t\t<div class=\"elementor-column elementor-col-100 elementor-top-column elementor-element elementor-element-ded8907\" data-id=\"ded8907\" data-element_type=\"column\">\n\t\t\t<div class=\"elementor-widget-wrap elementor-element-populated\">\n\t\t\t\t\t\t\t\t<div class=\"elementor-element elementor-element-705601c elementor-widget elementor-widget-heading\" data-id=\"705601c\" data-element_type=\"widget\" data-widget_type=\"heading.default\">\n\t\t\t\t<div class=\"elementor-widget-container\">\n\t\t\t<h1 class=\"elementor-heading-title elementor-size-default\">Galeri<\/h1>\t\t<\/div>\n\t\t\t\t<\/div>\n\t\t\t\t\t<\/div>\n\t\t<\/div>\n\t\t\t\t\t\t\t<\/div>\n\t\t<\/section>\n\t\t\t\t<section class=\"elementor-section elementor-top-section elementor-element elementor-element-21c8d0b elementor-section-boxed elementor-section-height-default elementor-section-height-default\" data-id=\"21c8d0b\" data-element_type=\"section\">\n\t\t\t\t\t\t<div class=\"elementor-container elementor-column-gap-default\">\n\t\t\t\t\t<div class=\"elementor-column elementor-col-100 elementor-top-column elementor-element elementor-element-d5ac9e2\" data-id=\"d5ac9e2\" data-element_type=\"column\">\n\t\t\t<div class=\"elementor-widget-wrap elementor-element-populated\">\n\t\t\t\t\t\t\t\t<div class=\"elementor-element elementor-element-b66f308 gallery_container elementor-arrows-position-inside elementor-pagination-position-outside elementor-widget elementor-widget-image-carousel\" data-id=\"b66f308\" data-element_type=\"widget\" data-settings=\"{&quot;slides_to_show&quot;:&quot;4&quot;,&quot;slides_to_show_tablet&quot;:&quot;2&quot;,&quot;navigation&quot;:&quot;both&quot;,&quot;autoplay&quot;:&quot;yes&quot;,&quot;pause_on_hover&quot;:&quot;yes&quot;,&quot;pause_on_interaction&quot;:&quot;yes&quot;,&quot;autoplay_speed&quot;:5000,&quot;infinite&quot;:&quot;yes&quot;,&quot;speed&quot;:500,&quot;image_spacing_custom&quot;:{&quot;unit&quot;:&quot;px&quot;,&quot;size&quot;:20,&quot;sizes&quot;:[]}}\" data-widget_type=\"image-carousel.default\">\n\t\t\t\t<div class=\"elementor-widget-container\">\n\t\t\t\t\t<div class=\"elementor-image-carousel-wrapper swiper-container\" dir=\"ltr\">\n\t\t\t<div class=\"elementor-image-carousel swiper-wrapper swiper-image-stretch\">\n\t\t\t\t<div class=\"swiper-slide\"><a data-elementor-open-lightbox=\"yes\" data-elementor-lightbox-slideshow=\"b66f308\" data-elementor-lightbox-title=\"1M5A1258\" href=\"https:\/\/zumra.org\/wp-content\/uploads\/2022\/11\/1M5A1258.jpg\"><figure class=\"swiper-slide-inner\"><img decoding=\"async\" class=\"swiper-slide-image\" src=\"https:\/\/zumra.org\/wp-content\/uploads\/2022\/11\/1M5A1258-300x200.jpg\" alt=\"1M5A1258\" \/><\/figure><\/a><\/div><div class=\"swiper-slide\"><a data-elementor-open-lightbox=\"yes\" data-elementor-lightbox-slideshow=\"b66f308\" data-elementor-lightbox-title=\"1M5A9051\" href=\"https:\/\/zumra.org\/wp-content\/uploads\/2022\/11\/1M5A9051.jpg\"><figure class=\"swiper-slide-inner\"><img decoding=\"async\" class=\"swiper-slide-image\" src=\"https:\/\/zumra.org\/wp-content\/uploads\/2022\/11\/1M5A9051-300x200.jpg\" alt=\"1M5A9051\" \/><\/figure><\/a><\/div><div class=\"swiper-slide\"><a data-elementor-open-lightbox=\"yes\" data-elementor-lightbox-slideshow=\"b66f308\" data-elementor-lightbox-title=\"8W9A4235\" href=\"https:\/\/zumra.org\/wp-content\/uploads\/2022\/11\/8W9A4235.jpg\"><figure class=\"swiper-slide-inner\"><img decoding=\"async\" class=\"swiper-slide-image\" src=\"https:\/\/zumra.org\/wp-content\/uploads\/2022\/11\/8W9A4235-300x169.jpg\" alt=\"8W9A4235\" \/><\/figure><\/a><\/div><div class=\"swiper-slide\"><a data-elementor-open-lightbox=\"yes\" data-elementor-lightbox-slideshow=\"b66f308\" data-elementor-lightbox-title=\"BE6A5242\" href=\"https:\/\/zumra.org\/wp-content\/uploads\/2022\/11\/BE6A5242.jpg\"><figure class=\"swiper-slide-inner\"><img decoding=\"async\" class=\"swiper-slide-image\" src=\"https:\/\/zumra.org\/wp-content\/uploads\/2022\/11\/BE6A5242-300x200.jpg\" alt=\"BE6A5242\" \/><\/figure><\/a><\/div><div class=\"swiper-slide\"><a data-elementor-open-lightbox=\"yes\" data-elementor-lightbox-slideshow=\"b66f308\" data-elementor-lightbox-title=\"BE6A6664\" href=\"https:\/\/zumra.org\/wp-content\/uploads\/2022\/11\/BE6A6664.jpg\"><figure class=\"swiper-slide-inner\"><img decoding=\"async\" class=\"swiper-slide-image\" src=\"https:\/\/zumra.org\/wp-content\/uploads\/2022\/11\/BE6A6664-300x200.jpg\" alt=\"BE6A6664\" \/><\/figure><\/a><\/div><div class=\"swiper-slide\"><a data-elementor-open-lightbox=\"yes\" data-elementor-lightbox-slideshow=\"b66f308\" data-elementor-lightbox-title=\"cdcdscd\" href=\"https:\/\/zumra.org\/wp-content\/uploads\/2022\/11\/cdcdscd.jpg\"><figure class=\"swiper-slide-inner\"><img decoding=\"async\" class=\"swiper-slide-image\" src=\"https:\/\/zumra.org\/wp-content\/uploads\/2022\/11\/cdcdscd-300x200.jpg\" alt=\"cdcdscd\" \/><\/figure><\/a><\/div><div class=\"swiper-slide\"><a data-elementor-open-lightbox=\"yes\" data-elementor-lightbox-slideshow=\"b66f308\" data-elementor-lightbox-title=\"IMG_9507\" href=\"https:\/\/zumra.org\/wp-content\/uploads\/2022\/11\/IMG_9507.jpg\"><figure class=\"swiper-slide-inner\"><img decoding=\"async\" class=\"swiper-slide-image\" src=\"https:\/\/zumra.org\/wp-content\/uploads\/2022\/11\/IMG_9507-300x200.jpg\" alt=\"IMG_9507\" \/><\/figure><\/a><\/div><div class=\"swiper-slide\"><a data-elementor-open-lightbox=\"yes\" data-elementor-lightbox-slideshow=\"b66f308\" data-elementor-lightbox-title=\"Varl\u0131k 1@4x\" href=\"https:\/\/zumra.org\/wp-content\/uploads\/2022\/11\/Varlik-1@4x.jpg\"><figure class=\"swiper-slide-inner\"><img decoding=\"async\" class=\"swiper-slide-image\" src=\"https:\/\/zumra.org\/wp-content\/uploads\/2022\/11\/Varlik-1@4x-300x200.jpg\" alt=\"Varl\u0131k 1@4x\" \/><\/figure><\/a><\/div>\t\t\t<\/div>\n\t\t\t\t\t\t\t\t\t\t\t\t<div class=\"swiper-pagination\"><\/div>\n\t\t\t\t\t\t\t\t\t\t\t\t\t<div class=\"elementor-swiper-button elementor-swiper-button-prev\">\n\t\t\t\t\t\t<i class=\"eicon-chevron-left\" aria-hidden=\"true\"><\/i>\n\t\t\t\t\t\t<span class=\"elementor-screen-only\">\u00d6nceki<\/span>\n\t\t\t\t\t<\/div>\n\t\t\t\t\t<div class=\"elementor-swiper-button elementor-swiper-button-next\">\n\t\t\t\t\t\t<i class=\"eicon-chevron-right\" aria-hidden=\"true\"><\/i>\n\t\t\t\t\t\t<span class=\"elementor-screen-only\">Sonraki<\/span>\n\t\t\t\t\t<\/div>\n\t\t\t\t\t\t\t\t\t<\/div>\n\t\t\t\t<\/div>\n\t\t\t\t<\/div>\n\t\t\t\t\t<\/div>\n\t\t<\/div>\n\t\t\t\t\t\t\t<\/div>\n\t\t<\/section>\n\t\t\t\t\t\t<\/div>\n\t\t\t\t\t<\/div>","protected":false},"excerpt":{"rendered":"<p>About Us Zumra is an international aid organisation based in T\u00fcrkiye which provides essential aid and relief to poor, needy, displaced and disadvantaged people around the world. This unique charity specialises in implementing projects and aid work on behalf of other partnering international organisations. Zumra delivers aid projects in over fifteen countries and assists by &hellip;<\/p>","protected":false},"author":1,"featured_media":0,"parent":0,"menu_order":0,"comment_status":"closed","ping_status":"closed","template":"","meta":{"footnotes":""},"class_list":["post-2853","page","type-page","status-publish","hentry"],"_links":{"self":[{"href":"https:\/\/zumra.org\/tr\/wp-json\/wp\/v2\/pages\/2853","targetHints":{"allow":["GET"]}}],"collection":[{"href":"https:\/\/zumra.org\/tr\/wp-json\/wp\/v2\/pages"}],"about":[{"href":"https:\/\/zumra.org\/tr\/wp-json\/wp\/v2\/types\/page"}],"author":[{"embeddable":true,"href":"https:\/\/zumra.org\/tr\/wp-json\/wp\/v2\/users\/1"}],"replies":[{"embeddable":true,"href":"https:\/\/zumra.org\/tr\/wp-json\/wp\/v2\/comments?post=2853"}],"version-history":[{"count":54,"href":"https:\/\/zumra.org\/tr\/wp-json\/wp\/v2\/pages\/2853\/revisions"}],"predecessor-version":[{"id":4740,"href":"https:\/\/zumra.org\/tr\/wp-json\/wp\/v2\/pages\/2853\/revisions\/4740"}],"wp:attachment":[{"href":"https:\/\/zumra.org\/tr\/wp-json\/wp\/v2\/media?parent=2853"}],"curies":[{"name":"wp","href":"https:\/\/api.w.org\/{rel}","templated":true}]}}